{"id":113,"date":"2023-04-18T11:11:08","date_gmt":"2023-04-18T09:11:08","guid":{"rendered":"https:\/\/ww2.psjc.fr\/?page_id=113"},"modified":"2024-11-27T10:58:06","modified_gmt":"2024-11-27T09:58:06","slug":"groupe-notre-dame-de-lourdes-2","status":"publish","type":"page","link":"https:\/\/www.saintejeannedechantal.com\/index.php\/groupe-notre-dame-de-lourdes-2\/","title":{"rendered":"Groupe Notre Dame de Lourdes"},"content":{"rendered":"\t\t<div data-elementor-type=\"wp-page\" data-elementor-id=\"113\" class=\"elementor elementor-113\" data-elementor-post-type=\"page\">\n\t\t\t\t\t\t<section class=\"elementor-section elementor-top-section elementor-element elementor-element-78e2708c elementor-section-boxed elementor-section-height-default elementor-section-height-default\" data-id=\"78e2708c\" data-element_type=\"section\" data-e-type=\"section\">\n\t\t\t\t\t\t<div class=\"elementor-container elementor-column-gap-default\">\n\t\t\t\t\t<div class=\"elementor-column elementor-col-100 elementor-top-column elementor-element elementor-element-1a2f218\" data-id=\"1a2f218\" data-element_type=\"column\" data-e-type=\"column\">\n\t\t\t<div class=\"elementor-widget-wrap elementor-element-populated\">\n\t\t\t\t\t\t<div class=\"elementor-element elementor-element-362757b1 elementor-widget elementor-widget-heading\" data-id=\"362757b1\" data-element_type=\"widget\" data-e-type=\"widget\" data-widget_type=\"heading.default\">\n\t\t\t\t<div class=\"elementor-widget-container\">\n\t\t\t\t\t<h5 class=\"elementor-heading-title elementor-size-default\">J'\u00e9tais nu, et vous m'avez v\u00eatu ; j'\u00e9tais malade, et vous m'avez visit\u00e9 ; j'\u00e9tais en prison, et vous \u00eates venus vers moi. Mt 25:36<\/h5>\t\t\t\t<\/div>\n\t\t\t\t<\/div>\n\t\t\t\t<div class=\"elementor-element elementor-element-86ae05c elementor-align-right elementor-widget elementor-widget-global elementor-global-7119 elementor-widget-button\" data-id=\"86ae05c\" data-element_type=\"widget\" data-e-type=\"widget\" data-widget_type=\"button.default\">\n\t\t\t\t<div class=\"elementor-widget-container\">\n\t\t\t\t\t\t\t\t\t<div class=\"elementor-button-wrapper\">\n\t\t\t\t\t<a class=\"elementor-button elementor-button-link elementor-size-sm\" href=\"https:\/\/www.saintejeannedechantal.com\/index.php\/contact\/\">\n\t\t\t\t\t\t<span class=\"elementor-button-content-wrapper\">\n\t\t\t\t\t\t<span class=\"elementor-button-icon\">\n\t\t\t\t<i aria-hidden=\"true\" class=\"far fa-envelope\"><\/i>\t\t\t<\/span>\n\t\t\t\t\t\t\t\t\t<span class=\"elementor-button-text\">contact<\/span>\n\t\t\t\t\t<\/span>\n\t\t\t\t\t<\/a>\n\t\t\t\t<\/div>\n\t\t\t\t\t\t\t\t<\/div>\n\t\t\t\t<\/div>\n\t\t\t\t<div class=\"elementor-element elementor-element-158ee833 elementor-widget elementor-widget-text-editor\" data-id=\"158ee833\" data-element_type=\"widget\" data-e-type=\"widget\" data-widget_type=\"text-editor.default\">\n\t\t\t\t<div class=\"elementor-widget-container\">\n\t\t\t\t\t\t\t\t\t<p>Ce groupe prend soin des personnes plus isol\u00e9es de la paroisse en les suivant \u00e0 l\u2019ann\u00e9e \u00e0 travers plusieurs propositions :<\/p><p><strong><em>Service de la communion \u00e0 domicile<\/em><\/strong> : Les personnes immobilis\u00e9es chez elles peuvent demander \u00e0 recevoir la communion \u00e0 domicile. Elles peuvent aussi demander \u00e0 recevoir le sacrement de la r\u00e9conciliation ou l\u2019Onction des malades.<\/p><p><strong><em>Bethesda<\/em><\/strong> : Des b\u00e9n\u00e9voles vous accompagnent \u00e0 la messe dominicale et vous raccompagnent chez vous apr\u00e8s l\u2019office. En voiture, en chaise roulante ou \u00e0 pied, \u00e0 votre rythme.<\/p><p><strong><em>Visite \u00e0 domicile<\/em><\/strong> : Une \u00e9quipe de b\u00e9n\u00e9voles propose des visites fraternelles.<\/p>\t\t\t\t\t\t\t\t<\/div>\n\t\t\t\t<\/div>\n\t\t\t\t<div class=\"elementor-element elementor-element-75b1877c elementor-align-center elementor-icon-list--layout-traditional elementor-list-item-link-full_width elementor-widget elementor-widget-icon-list\" data-id=\"75b1877c\" data-element_type=\"widget\" data-e-type=\"widget\" data-widget_type=\"icon-list.default\">\n\t\t\t\t<div class=\"elementor-widget-container\">\n\t\t\t\t\t\t\t<ul class=\"elementor-icon-list-items\">\n\t\t\t\t\t\t\t<li class=\"elementor-icon-list-item\">\n\t\t\t\t\t\t\t\t\t\t\t<span class=\"elementor-icon-list-icon\">\n\t\t\t\t\t\t\t<i aria-hidden=\"true\" class=\"far fa-clock\"><\/i>\t\t\t\t\t\t<\/span>\n\t\t\t\t\t\t\t\t\t\t<span class=\"elementor-icon-list-text\">Ryhtme et dur\u00e9e: X toutes les 2 ou 3 semaines<\/span>\n\t\t\t\t\t\t\t\t\t<\/li>\n\t\t\t\t\t\t\t\t<li class=\"elementor-icon-list-item\">\n\t\t\t\t\t\t\t\t\t\t\t<span class=\"elementor-icon-list-icon\">\n\t\t\t\t\t\t\t<i aria-hidden=\"true\" class=\"fas fa-people-arrows\"><\/i>\t\t\t\t\t\t<\/span>\n\t\t\t\t\t\t\t\t\t\t<span class=\"elementor-icon-list-text\">Composition: X personnes<\/span>\n\t\t\t\t\t\t\t\t\t<\/li>\n\t\t\t\t\t\t<\/ul>\n\t\t\t\t\t\t<\/div>\n\t\t\t\t<\/div>\n\t\t\t\t<div class=\"elementor-element elementor-element-147b631c elementor-widget elementor-widget-spacer\" data-id=\"147b631c\" data-element_type=\"widget\" data-e-type=\"widget\" data-widget_type=\"spacer.default\">\n\t\t\t\t<div class=\"elementor-widget-container\">\n\t\t\t\t\t\t\t<div class=\"elementor-spacer\">\n\t\t\t<div class=\"elementor-spacer-inner\"><\/div>\n\t\t<\/div>\n\t\t\t\t\t\t<\/div>\n\t\t\t\t<\/div>\n\t\t\t\t\t<\/div>\n\t\t<\/div>\n\t\t\t\t\t<\/div>\n\t\t<\/section>\n\t\t\t\t<\/div>\n\t\t","protected":false},"excerpt":{"rendered":"<p>J&#8217;\u00e9tais nu, et vous m&#8217;avez v\u00eatu ; j&#8217;\u00e9tais malade, et vous m&#8217;avez visit\u00e9 ; j&#8217;\u00e9tais en prison, et vous \u00eates venus vers moi. Mt 25:36 contact Ce groupe prend soin des personnes plus isol\u00e9es de la paroisse en les suivant \u00e0 l\u2019ann\u00e9e \u00e0 travers plusieurs propositions : Service de la communion \u00e0 domicile : Les [&hellip;]<\/p>\n","protected":false},"author":5,"featured_media":0,"parent":0,"menu_order":0,"comment_status":"closed","ping_status":"closed","template":"","meta":{"footnotes":""},"class_list":["post-113","page","type-page","status-publish","hentry"],"meta_box":[],"_links":{"self":[{"href":"https:\/\/www.saintejeannedechantal.com\/index.php\/wp-json\/wp\/v2\/pages\/113","targetHints":{"allow":["GET"]}}],"collection":[{"href":"https:\/\/www.saintejeannedechantal.com\/index.php\/wp-json\/wp\/v2\/pages"}],"about":[{"href":"https:\/\/www.saintejeannedechantal.com\/index.php\/wp-json\/wp\/v2\/types\/page"}],"author":[{"embeddable":true,"href":"https:\/\/www.saintejeannedechantal.com\/index.php\/wp-json\/wp\/v2\/users\/5"}],"replies":[{"embeddable":true,"href":"https:\/\/www.saintejeannedechantal.com\/index.php\/wp-json\/wp\/v2\/comments?post=113"}],"version-history":[{"count":40,"href":"https:\/\/www.saintejeannedechantal.com\/index.php\/wp-json\/wp\/v2\/pages\/113\/revisions"}],"predecessor-version":[{"id":8939,"href":"https:\/\/www.saintejeannedechantal.com\/index.php\/wp-json\/wp\/v2\/pages\/113\/revisions\/8939"}],"wp:attachment":[{"href":"https:\/\/www.saintejeannedechantal.com\/index.php\/wp-json\/wp\/v2\/media?parent=113"}],"curies":[{"name":"wp","href":"https:\/\/api.w.org\/{rel}","templated":true}]}}