{"id":114,"date":"2023-04-18T11:11:08","date_gmt":"2023-04-18T09:11:08","guid":{"rendered":"https:\/\/ww2.psjc.fr\/?page_id=114"},"modified":"2023-11-18T12:29:44","modified_gmt":"2023-11-18T11:29:44","slug":"hiver-solidaire","status":"publish","type":"page","link":"https:\/\/www.saintejeannedechantal.com\/index.php\/hiver-solidaire\/","title":{"rendered":"Hiver Solidaire"},"content":{"rendered":"\t\t<div data-elementor-type=\"wp-page\" data-elementor-id=\"114\" class=\"elementor elementor-114\" data-elementor-post-type=\"page\">\n\t\t\t\t\t\t<section class=\"elementor-section elementor-top-section elementor-element elementor-element-2fb8dbac elementor-section-boxed elementor-section-height-default elementor-section-height-default\" data-id=\"2fb8dbac\" data-element_type=\"section\" data-e-type=\"section\">\n\t\t\t\t\t\t<div class=\"elementor-container elementor-column-gap-default\">\n\t\t\t\t\t<div class=\"elementor-column elementor-col-100 elementor-top-column elementor-element elementor-element-1b49215f\" data-id=\"1b49215f\" data-element_type=\"column\" data-e-type=\"column\">\n\t\t\t<div class=\"elementor-widget-wrap elementor-element-populated\">\n\t\t\t\t\t\t<div class=\"elementor-element elementor-element-33537c90 elementor-widget elementor-widget-heading\" data-id=\"33537c90\" data-element_type=\"widget\" data-e-type=\"widget\" data-widget_type=\"heading.default\">\n\t\t\t\t<div class=\"elementor-widget-container\">\n\t\t\t\t\t<h5 class=\"elementor-heading-title elementor-size-default\">\"Ensemble nous vivions dans une douce intimit\u00e9, Nous allions avec la foule \u00e0 la maison de Dieu!\" PS 55:14<\/h5>\t\t\t\t<\/div>\n\t\t\t\t<\/div>\n\t\t\t\t<div class=\"elementor-element elementor-element-f972f33 elementor-align-right elementor-widget elementor-widget-global elementor-global-7119 elementor-widget-button\" data-id=\"f972f33\" data-element_type=\"widget\" data-e-type=\"widget\" data-widget_type=\"button.default\">\n\t\t\t\t<div class=\"elementor-widget-container\">\n\t\t\t\t\t\t\t\t\t<div class=\"elementor-button-wrapper\">\n\t\t\t\t\t<a class=\"elementor-button elementor-button-link elementor-size-sm\" href=\"https:\/\/www.saintejeannedechantal.com\/index.php\/contact\/\">\n\t\t\t\t\t\t<span class=\"elementor-button-content-wrapper\">\n\t\t\t\t\t\t<span class=\"elementor-button-icon\">\n\t\t\t\t<i aria-hidden=\"true\" class=\"far fa-envelope\"><\/i>\t\t\t<\/span>\n\t\t\t\t\t\t\t\t\t<span class=\"elementor-button-text\">contact<\/span>\n\t\t\t\t\t<\/span>\n\t\t\t\t\t<\/a>\n\t\t\t\t<\/div>\n\t\t\t\t\t\t\t\t<\/div>\n\t\t\t\t<\/div>\n\t\t\t\t<div class=\"elementor-element elementor-element-330992fd elementor-widget elementor-widget-text-editor\" data-id=\"330992fd\" data-element_type=\"widget\" data-e-type=\"widget\" data-widget_type=\"text-editor.default\">\n\t\t\t\t<div class=\"elementor-widget-container\">\n\t\t\t\t\t\t\t\t\t<p><img fetchpriority=\"high\" decoding=\"async\" width=\"300\" height=\"167\" class=\"size-medium wp-image-6605 alignleft\" src=\"https:\/\/ww2.psjc.fr\/wp-content\/uploads\/2023\/09\/logo-Hiver-Solidaire-300x167.jpg\" alt=\"\" srcset=\"https:\/\/www.saintejeannedechantal.com\/wp-content\/uploads\/2023\/09\/logo-Hiver-Solidaire-300x167.jpg 300w, https:\/\/www.saintejeannedechantal.com\/wp-content\/uploads\/2023\/09\/logo-Hiver-Solidaire-1024x570.jpg 1024w, https:\/\/www.saintejeannedechantal.com\/wp-content\/uploads\/2023\/09\/logo-Hiver-Solidaire-768x427.jpg 768w, https:\/\/www.saintejeannedechantal.com\/wp-content\/uploads\/2023\/09\/logo-Hiver-Solidaire-958x533.jpg 958w, https:\/\/www.saintejeannedechantal.com\/wp-content\/uploads\/2023\/09\/logo-Hiver-Solidaire.jpg 1100w\" sizes=\"(max-width: 300px) 100vw, 300px\" \/>Chaque ann\u00e9e, notre paroisse accueille quelques personnes de la rue pendant les mois d\u2019hiver.<\/p><p>Chaque soir, des paroissiens se relayent pour accueillir, d\u00eener et passer la nuit avec nos h\u00f4tes dans un esprit tr\u00e8s \u00ab familial \u00bb.<br \/>Nous avons besoin d\u2019une centaine de b\u00e9n\u00e9voles chaque ann\u00e9e, n\u2019h\u00e9sitez pas \u00e0 vous engager pour quelques soir\u00e9es.<\/p><p><a href=\"https:\/\/www.facebook.com\/hiversolidaireparis\/\" target=\"_blank\" rel=\"noopener\">Plus d&#8217;informations sur la page Facebook<\/a><\/p>\t\t\t\t\t\t\t\t<\/div>\n\t\t\t\t<\/div>\n\t\t\t\t<div class=\"elementor-element elementor-element-2cfaeb16 elementor-widget elementor-widget-spacer\" data-id=\"2cfaeb16\" data-element_type=\"widget\" data-e-type=\"widget\" data-widget_type=\"spacer.default\">\n\t\t\t\t<div class=\"elementor-widget-container\">\n\t\t\t\t\t\t\t<div class=\"elementor-spacer\">\n\t\t\t<div class=\"elementor-spacer-inner\"><\/div>\n\t\t<\/div>\n\t\t\t\t\t\t<\/div>\n\t\t\t\t<\/div>\n\t\t\t\t\t<\/div>\n\t\t<\/div>\n\t\t\t\t\t<\/div>\n\t\t<\/section>\n\t\t\t\t<\/div>\n\t\t","protected":false},"excerpt":{"rendered":"<p>&#8220;Ensemble nous vivions dans une douce intimit\u00e9, Nous allions avec la foule \u00e0 la maison de Dieu!&#8221; PS 55:14 contact Chaque ann\u00e9e, notre paroisse accueille quelques personnes de la rue pendant les mois d\u2019hiver. Chaque soir, des paroissiens se relayent pour accueillir, d\u00eener et passer la nuit avec nos h\u00f4tes dans un esprit tr\u00e8s \u00ab [&hellip;]<\/p>\n","protected":false},"author":5,"featured_media":0,"parent":0,"menu_order":0,"comment_status":"closed","ping_status":"closed","template":"","meta":{"footnotes":""},"class_list":["post-114","page","type-page","status-publish","hentry"],"meta_box":[],"_links":{"self":[{"href":"https:\/\/www.saintejeannedechantal.com\/index.php\/wp-json\/wp\/v2\/pages\/114","targetHints":{"allow":["GET"]}}],"collection":[{"href":"https:\/\/www.saintejeannedechantal.com\/index.php\/wp-json\/wp\/v2\/pages"}],"about":[{"href":"https:\/\/www.saintejeannedechantal.com\/index.php\/wp-json\/wp\/v2\/types\/page"}],"author":[{"embeddable":true,"href":"https:\/\/www.saintejeannedechantal.com\/index.php\/wp-json\/wp\/v2\/users\/5"}],"replies":[{"embeddable":true,"href":"https:\/\/www.saintejeannedechantal.com\/index.php\/wp-json\/wp\/v2\/comments?post=114"}],"version-history":[{"count":23,"href":"https:\/\/www.saintejeannedechantal.com\/index.php\/wp-json\/wp\/v2\/pages\/114\/revisions"}],"predecessor-version":[{"id":7154,"href":"https:\/\/www.saintejeannedechantal.com\/index.php\/wp-json\/wp\/v2\/pages\/114\/revisions\/7154"}],"wp:attachment":[{"href":"https:\/\/www.saintejeannedechantal.com\/index.php\/wp-json\/wp\/v2\/media?parent=114"}],"curies":[{"name":"wp","href":"https:\/\/api.w.org\/{rel}","templated":true}]}}