{"id":117,"date":"2023-04-18T11:11:08","date_gmt":"2023-04-18T09:11:08","guid":{"rendered":"https:\/\/ww2.psjc.fr\/?page_id=117"},"modified":"2023-09-19T22:43:05","modified_gmt":"2023-09-19T20:43:05","slug":"distribution-alimentaire","status":"publish","type":"page","link":"https:\/\/www.saintejeannedechantal.com\/index.php\/distribution-alimentaire\/","title":{"rendered":"Distribution alimentaire"},"content":{"rendered":"\t\t<div data-elementor-type=\"wp-page\" data-elementor-id=\"117\" class=\"elementor elementor-117\" data-elementor-post-type=\"page\">\n\t\t\t\t\t\t<section class=\"elementor-section elementor-top-section elementor-element elementor-element-4fde560c elementor-section-boxed elementor-section-height-default elementor-section-height-default\" data-id=\"4fde560c\" data-element_type=\"section\" data-e-type=\"section\">\n\t\t\t\t\t\t<div class=\"elementor-container elementor-column-gap-default\">\n\t\t\t\t\t<div class=\"elementor-column elementor-col-100 elementor-top-column elementor-element elementor-element-3e8d088e\" data-id=\"3e8d088e\" data-element_type=\"column\" data-e-type=\"column\">\n\t\t\t<div class=\"elementor-widget-wrap elementor-element-populated\">\n\t\t\t\t\t\t<div class=\"elementor-element elementor-element-2b0147df elementor-widget elementor-widget-heading\" data-id=\"2b0147df\" data-element_type=\"widget\" data-e-type=\"widget\" data-widget_type=\"heading.default\">\n\t\t\t\t<div class=\"elementor-widget-container\">\n\t\t\t\t\t<h5 class=\"elementor-heading-title elementor-size-default\">\u00ab J\u2019avais faim et vous m\u2019avez donn\u00e9 \u00e0 manger\u2026\u00bb Mt 25, 35<\/h5>\t\t\t\t<\/div>\n\t\t\t\t<\/div>\n\t\t\t\t<div class=\"elementor-element elementor-element-bcb6720 elementor-widget elementor-widget-text-editor\" data-id=\"bcb6720\" data-element_type=\"widget\" data-e-type=\"widget\" data-widget_type=\"text-editor.default\">\n\t\t\t\t<div class=\"elementor-widget-container\">\n\t\t\t\t\t\t\t\t\t<p>La paroisse organise une distribution alimentaire tous les mardis 9h-11h30 (hors \u00e9t\u00e9)<br \/>La banque alimentaire de Paris fournit la nourriture, les services sociaux de la ville et l\u2019association \u00ab Aux captifs la Lib\u00e9ration \u00bb d\u00e9terminent les b\u00e9n\u00e9ficiaires \u00e9ligibles \u00e0 cette aide.<\/p><p>N\u2019h\u00e9sitez pas \u00e0 rejoindre l\u2019\u00e9quipe de b\u00e9n\u00e9voles pour aider \u00e0 la distribution ou \u00e0 la rencontre.<\/p>\t\t\t\t\t\t\t\t<\/div>\n\t\t\t\t<\/div>\n\t\t\t\t<div class=\"elementor-element elementor-element-4508893c elementor-widget elementor-widget-spacer\" data-id=\"4508893c\" data-element_type=\"widget\" data-e-type=\"widget\" data-widget_type=\"spacer.default\">\n\t\t\t\t<div class=\"elementor-widget-container\">\n\t\t\t\t\t\t\t<div class=\"elementor-spacer\">\n\t\t\t<div class=\"elementor-spacer-inner\"><\/div>\n\t\t<\/div>\n\t\t\t\t\t\t<\/div>\n\t\t\t\t<\/div>\n\t\t\t\t\t<\/div>\n\t\t<\/div>\n\t\t\t\t\t<\/div>\n\t\t<\/section>\n\t\t\t\t<\/div>\n\t\t","protected":false},"excerpt":{"rendered":"<p>\u00ab J\u2019avais faim et vous m\u2019avez donn\u00e9 \u00e0 manger\u2026\u00bb Mt 25, 35 La paroisse organise une distribution alimentaire tous les mardis 9h-11h30 (hors \u00e9t\u00e9)La banque alimentaire de Paris fournit la nourriture, les services sociaux de la ville et l\u2019association \u00ab Aux captifs la Lib\u00e9ration \u00bb d\u00e9terminent les b\u00e9n\u00e9ficiaires \u00e9ligibles \u00e0 cette aide. N\u2019h\u00e9sitez pas \u00e0 [&hellip;]<\/p>\n","protected":false},"author":5,"featured_media":0,"parent":0,"menu_order":0,"comment_status":"closed","ping_status":"closed","template":"","meta":{"footnotes":""},"class_list":["post-117","page","type-page","status-publish","hentry"],"meta_box":[],"_links":{"self":[{"href":"https:\/\/www.saintejeannedechantal.com\/index.php\/wp-json\/wp\/v2\/pages\/117","targetHints":{"allow":["GET"]}}],"collection":[{"href":"https:\/\/www.saintejeannedechantal.com\/index.php\/wp-json\/wp\/v2\/pages"}],"about":[{"href":"https:\/\/www.saintejeannedechantal.com\/index.php\/wp-json\/wp\/v2\/types\/page"}],"author":[{"embeddable":true,"href":"https:\/\/www.saintejeannedechantal.com\/index.php\/wp-json\/wp\/v2\/users\/5"}],"replies":[{"embeddable":true,"href":"https:\/\/www.saintejeannedechantal.com\/index.php\/wp-json\/wp\/v2\/comments?post=117"}],"version-history":[{"count":25,"href":"https:\/\/www.saintejeannedechantal.com\/index.php\/wp-json\/wp\/v2\/pages\/117\/revisions"}],"predecessor-version":[{"id":6623,"href":"https:\/\/www.saintejeannedechantal.com\/index.php\/wp-json\/wp\/v2\/pages\/117\/revisions\/6623"}],"wp:attachment":[{"href":"https:\/\/www.saintejeannedechantal.com\/index.php\/wp-json\/wp\/v2\/media?parent=117"}],"curies":[{"name":"wp","href":"https:\/\/api.w.org\/{rel}","templated":true}]}}