{"id":145,"date":"2023-04-18T11:12:24","date_gmt":"2023-04-18T09:12:24","guid":{"rendered":"https:\/\/ww2.psjc.fr\/?page_id=145"},"modified":"2024-10-03T11:32:21","modified_gmt":"2024-10-03T09:32:21","slug":"evangilisation-de-rue","status":"publish","type":"page","link":"https:\/\/www.saintejeannedechantal.com\/index.php\/evangilisation-de-rue\/","title":{"rendered":"Evangilisation de rue"},"content":{"rendered":"\t\t<div data-elementor-type=\"wp-page\" data-elementor-id=\"145\" class=\"elementor elementor-145\" data-elementor-post-type=\"page\">\n\t\t\t\t\t\t<section class=\"elementor-section elementor-top-section elementor-element elementor-element-58fcf4d6 elementor-section-boxed elementor-section-height-default elementor-section-height-default\" data-id=\"58fcf4d6\" data-element_type=\"section\" data-e-type=\"section\">\n\t\t\t\t\t\t<div class=\"elementor-container elementor-column-gap-default\">\n\t\t\t\t\t<div class=\"elementor-column elementor-col-100 elementor-top-column elementor-element elementor-element-4de2ef98\" data-id=\"4de2ef98\" data-element_type=\"column\" data-e-type=\"column\">\n\t\t\t<div class=\"elementor-widget-wrap elementor-element-populated\">\n\t\t\t\t\t\t<div class=\"elementor-element elementor-element-57d5cd4 elementor-align-right elementor-widget elementor-widget-global elementor-global-7119 elementor-widget-button\" data-id=\"57d5cd4\" data-element_type=\"widget\" data-e-type=\"widget\" data-widget_type=\"button.default\">\n\t\t\t\t<div class=\"elementor-widget-container\">\n\t\t\t\t\t\t\t\t\t<div class=\"elementor-button-wrapper\">\n\t\t\t\t\t<a class=\"elementor-button elementor-button-link elementor-size-sm\" href=\"https:\/\/www.saintejeannedechantal.com\/index.php\/contact\/\">\n\t\t\t\t\t\t<span class=\"elementor-button-content-wrapper\">\n\t\t\t\t\t\t<span class=\"elementor-button-icon\">\n\t\t\t\t<i aria-hidden=\"true\" class=\"far fa-envelope\"><\/i>\t\t\t<\/span>\n\t\t\t\t\t\t\t\t\t<span class=\"elementor-button-text\">contact<\/span>\n\t\t\t\t\t<\/span>\n\t\t\t\t\t<\/a>\n\t\t\t\t<\/div>\n\t\t\t\t\t\t\t\t<\/div>\n\t\t\t\t<\/div>\n\t\t\t\t<div class=\"elementor-element elementor-element-5112377d elementor-widget elementor-widget-text-editor\" data-id=\"5112377d\" data-element_type=\"widget\" data-e-type=\"widget\" data-widget_type=\"text-editor.default\">\n\t\t\t\t<div class=\"elementor-widget-container\">\n\t\t\t\t\t\t\t\t\t<p>Des paroissiens sont envoy\u00e9s en bin\u00f4me dans la rue \u00e0 la rencontre des personnes du quartier. T\u00e9moignage direct<br \/>souvent bouleversant tant la soif de nos contemporains s\u2019y r\u00e9v\u00e8le.<\/p><p>L\u2019\u00e9quipe propose formations et mise en pratique.<\/p>\t\t\t\t\t\t\t\t<\/div>\n\t\t\t\t<\/div>\n\t\t\t\t<div class=\"elementor-element elementor-element-3ff7da1c elementor-widget elementor-widget-spacer\" data-id=\"3ff7da1c\" data-element_type=\"widget\" data-e-type=\"widget\" data-widget_type=\"spacer.default\">\n\t\t\t\t<div class=\"elementor-widget-container\">\n\t\t\t\t\t\t\t<div class=\"elementor-spacer\">\n\t\t\t<div class=\"elementor-spacer-inner\"><\/div>\n\t\t<\/div>\n\t\t\t\t\t\t<\/div>\n\t\t\t\t<\/div>\n\t\t\t\t\t<\/div>\n\t\t<\/div>\n\t\t\t\t\t<\/div>\n\t\t<\/section>\n\t\t\t\t<\/div>\n\t\t","protected":false},"excerpt":{"rendered":"<p>contact Des paroissiens sont envoy\u00e9s en bin\u00f4me dans la rue \u00e0 la rencontre des personnes du quartier. T\u00e9moignage directsouvent bouleversant tant la soif de nos contemporains s\u2019y r\u00e9v\u00e8le. L\u2019\u00e9quipe propose formations et mise en pratique.<\/p>\n","protected":false},"author":5,"featured_media":0,"parent":0,"menu_order":0,"comment_status":"closed","ping_status":"closed","template":"","meta":{"footnotes":""},"class_list":["post-145","page","type-page","status-publish","hentry"],"meta_box":[],"_links":{"self":[{"href":"https:\/\/www.saintejeannedechantal.com\/index.php\/wp-json\/wp\/v2\/pages\/145","targetHints":{"allow":["GET"]}}],"collection":[{"href":"https:\/\/www.saintejeannedechantal.com\/index.php\/wp-json\/wp\/v2\/pages"}],"about":[{"href":"https:\/\/www.saintejeannedechantal.com\/index.php\/wp-json\/wp\/v2\/types\/page"}],"author":[{"embeddable":true,"href":"https:\/\/www.saintejeannedechantal.com\/index.php\/wp-json\/wp\/v2\/users\/5"}],"replies":[{"embeddable":true,"href":"https:\/\/www.saintejeannedechantal.com\/index.php\/wp-json\/wp\/v2\/comments?post=145"}],"version-history":[{"count":28,"href":"https:\/\/www.saintejeannedechantal.com\/index.php\/wp-json\/wp\/v2\/pages\/145\/revisions"}],"predecessor-version":[{"id":8759,"href":"https:\/\/www.saintejeannedechantal.com\/index.php\/wp-json\/wp\/v2\/pages\/145\/revisions\/8759"}],"wp:attachment":[{"href":"https:\/\/www.saintejeannedechantal.com\/index.php\/wp-json\/wp\/v2\/media?parent=145"}],"curies":[{"name":"wp","href":"https:\/\/api.w.org\/{rel}","templated":true}]}}