{"id":158,"date":"2023-04-18T11:13:49","date_gmt":"2023-04-18T09:13:49","guid":{"rendered":"https:\/\/ww2.psjc.fr\/?page_id=158"},"modified":"2023-11-18T12:34:12","modified_gmt":"2023-11-18T11:34:12","slug":"les-rendez-vous-laudato-si","status":"publish","type":"page","link":"https:\/\/www.saintejeannedechantal.com\/index.php\/les-rendez-vous-laudato-si\/","title":{"rendered":"Les rendez vous LAUDATO SI"},"content":{"rendered":"\t\t<div data-elementor-type=\"wp-page\" data-elementor-id=\"158\" class=\"elementor elementor-158\" data-elementor-post-type=\"page\">\n\t\t\t\t\t\t<section class=\"elementor-section elementor-top-section elementor-element elementor-element-7aaad5d4 elementor-section-boxed elementor-section-height-default elementor-section-height-default\" data-id=\"7aaad5d4\" data-element_type=\"section\" data-e-type=\"section\">\n\t\t\t\t\t\t<div class=\"elementor-container elementor-column-gap-default\">\n\t\t\t\t\t<div class=\"elementor-column elementor-col-100 elementor-top-column elementor-element elementor-element-34b4b983\" data-id=\"34b4b983\" data-element_type=\"column\" data-e-type=\"column\">\n\t\t\t<div class=\"elementor-widget-wrap elementor-element-populated\">\n\t\t\t\t\t\t<div class=\"elementor-element elementor-element-15bb046e elementor-widget elementor-widget-heading\" data-id=\"15bb046e\" data-element_type=\"widget\" data-e-type=\"widget\" data-widget_type=\"heading.default\">\n\t\t\t\t<div class=\"elementor-widget-container\">\n\t\t\t\t\t<h5 class=\"elementor-heading-title elementor-size-default\">\"Ensemble nous vivions dans une douce intimit\u00e9, Nous allions avec la foule \u00e0 la maison de Dieu!\" PS 55:14<\/h5>\t\t\t\t<\/div>\n\t\t\t\t<\/div>\n\t\t\t\t<div class=\"elementor-element elementor-element-af03b2f elementor-align-right elementor-widget elementor-widget-global elementor-global-7119 elementor-widget-button\" data-id=\"af03b2f\" data-element_type=\"widget\" data-e-type=\"widget\" data-widget_type=\"button.default\">\n\t\t\t\t<div class=\"elementor-widget-container\">\n\t\t\t\t\t\t\t\t\t<div class=\"elementor-button-wrapper\">\n\t\t\t\t\t<a class=\"elementor-button elementor-button-link elementor-size-sm\" href=\"https:\/\/www.saintejeannedechantal.com\/index.php\/contact\/\">\n\t\t\t\t\t\t<span class=\"elementor-button-content-wrapper\">\n\t\t\t\t\t\t<span class=\"elementor-button-icon\">\n\t\t\t\t<i aria-hidden=\"true\" class=\"far fa-envelope\"><\/i>\t\t\t<\/span>\n\t\t\t\t\t\t\t\t\t<span class=\"elementor-button-text\">contact<\/span>\n\t\t\t\t\t<\/span>\n\t\t\t\t\t<\/a>\n\t\t\t\t<\/div>\n\t\t\t\t\t\t\t\t<\/div>\n\t\t\t\t<\/div>\n\t\t\t\t<div class=\"elementor-element elementor-element-5160cd50 elementor-drop-cap-yes elementor-drop-cap-view-default elementor-widget elementor-widget-text-editor\" data-id=\"5160cd50\" data-element_type=\"widget\" data-e-type=\"widget\" data-settings=\"{&quot;drop_cap&quot;:&quot;yes&quot;}\" data-widget_type=\"text-editor.default\">\n\t\t\t\t<div class=\"elementor-widget-container\">\n\t\t\t\t\t\t\t\t\t<p>L\u2019\u00e9cologie souffre de caricatures politiques ou id\u00e9ologiques largement v\u00e9hicul\u00e9es par les m\u00e9dias. Le m\u00e9rite de l\u2019encyclique du pape Fran\u00e7ois sur l\u2019\u00e9cologie int\u00e9grale consiste \u00e0 poser la question de l\u2019environnement dans toute son ampleur : \u00c9cologie qui int\u00e8gre les enjeux environnementaux, sociaux humains et spirituels.<\/p><p>Les 3 rendez-vous Laudato Si\u2019 permettent de rencontrer des t\u00e9moins de cette \u00e9cologie int\u00e9grale qui nous rappellent qu\u2019il est toujours possible de faire un pas et d\u2019apporter notre pierre \u00e0 l\u2019\u00e9difice.<\/p>\t\t\t\t\t\t\t\t<\/div>\n\t\t\t\t<\/div>\n\t\t\t\t<div class=\"elementor-element elementor-element-7eac07b elementor-widget elementor-widget-spacer\" data-id=\"7eac07b\" data-element_type=\"widget\" data-e-type=\"widget\" data-widget_type=\"spacer.default\">\n\t\t\t\t<div class=\"elementor-widget-container\">\n\t\t\t\t\t\t\t<div class=\"elementor-spacer\">\n\t\t\t<div class=\"elementor-spacer-inner\"><\/div>\n\t\t<\/div>\n\t\t\t\t\t\t<\/div>\n\t\t\t\t<\/div>\n\t\t\t\t<div class=\"elementor-element elementor-element-325f4a6f elementor-widget elementor-widget-pp-advanced-tabs\" data-id=\"325f4a6f\" data-element_type=\"widget\" data-e-type=\"widget\" data-widget_type=\"pp-advanced-tabs.default\">\n\t\t\t\t<div class=\"elementor-widget-container\">\n\t\t\t\t\t\t\t<div class=\"pp-advanced-tabs pp-style-6 pp-tabs-responsive-tablet pp-advabced-tabs-responsive\">\n\t\t\t<div class=\"pp-advanced-tabs-wrapper pp-tabs-labels at-vertical  at-no-hover\" role=\"tablist\">\n\t\t\t\t\t\t\t\t\t\t\t<div id=\"pp-advanced-tabs-title-8451\" class=\"pp-advanced-tabs-title pp-tabs-label pp-advanced-tabs-desktop-title pp-tab-active\" data-tab=\"1\" data-index=\"8451\" tabindex=\"0\" role=\"tab\" aria-controls=\"pp-advanced-tabs-content-8451\">\n\n\t\t\t\t\t\t\t\t\t\t\t<span class=\"pp-icon pp-advanced-tabs-icon-left\">\n\t\t\t\t<i aria-hidden=\"true\" class=\"fas fa-church\"><\/i>\t\t\t<\/span>\n\t\t\t\n\t\t\t\t\t\t\t\t<span class=\"pp-advanced-tabs-title-text\">Label Eglise Verte<\/span>\n\t\t\t\t\t\t\t\t\t\t\t\t\t\t\t<\/div>\n\t\t\t\t\t\t\t\t\t\t\t\t\t<div id=\"pp-advanced-tabs-title-8452\" class=\"pp-advanced-tabs-title pp-tabs-label pp-advanced-tabs-desktop-title \" data-tab=\"2\" data-index=\"8452\" tabindex=\"0\" role=\"tab\" aria-controls=\"pp-advanced-tabs-content-8452\">\n\n\t\t\t\t\t\t\t\t\t\t\t<span class=\"pp-icon pp-advanced-tabs-icon-left\">\n\t\t\t\t<i aria-hidden=\"true\" class=\"fas fa-tree\"><\/i>\t\t\t<\/span>\n\t\t\t\n\t\t\t\t\t\t\t\t<span class=\"pp-advanced-tabs-title-text\">Jardin Saint Fiacre<\/span>\n\t\t\t\t\t\t\t\t\t\t\t\t\t\t\t<\/div>\n\t\t\t\t\t\t\t\t\t\t\t\t\t<div id=\"pp-advanced-tabs-title-8453\" class=\"pp-advanced-tabs-title pp-tabs-label pp-advanced-tabs-desktop-title \" data-tab=\"3\" data-index=\"8453\" tabindex=\"0\" role=\"tab\" aria-controls=\"pp-advanced-tabs-content-8453\">\n\n\t\t\t\t\t\t\t\t\t\t\t<span class=\"pp-icon pp-advanced-tabs-icon-left\">\n\t\t\t\t<i aria-hidden=\"true\" class=\"fas fa-recycle\"><\/i>\t\t\t<\/span>\n\t\t\t\n\t\t\t\t\t\t\t\t<span class=\"pp-advanced-tabs-title-text\">Compost<\/span>\n\t\t\t\t\t\t\t\t\t\t\t\t\t\t\t<\/div>\n\t\t\t\t\t\t\t\t\t<\/div>\n\t\t\t<div class=\"pp-advanced-tabs-content-wrapper pp-tabs-panels at-vertical-content\">\n\t\t\t\t\t\t\t\t\t<div class=\"pp-tabs-panel\">\n\t\t\t\t\t\t<div class=\"pp-advanced-tabs-title pp-tabs-label pp-tab-responsive pp-tab-active  at-no-hover\" data-index=\"8451\">\n\t\t\t\t\t\t\t<div class=\"pp-advanced-tabs-title-inner\">\n\t\t\t\t\t\t\t\t\t\t\t<span class=\"pp-icon pp-advanced-tabs-icon-left\">\n\t\t\t\t<i aria-hidden=\"true\" class=\"fas fa-church\"><\/i>\t\t\t<\/span>\n\t\t\t\n\t\t\t\t\t\t\t\t<span class=\"pp-advanced-tabs-title-text\">Label Eglise Verte<\/span>\n\t\t\t\t\t\t\t\t<i class=\"pp-toggle-icon pp-tab-open fa\"><\/i>\n\t\t\t\t\t\t\t<\/div>\n\t\t\t\t\t\t<\/div>\n\t\t\t\t\t\t<div id=\"pp-advanced-tabs-content-8451\" class=\"pp-advanced-tabs-content elementor-clearfix pp-advanced-tabs-tab_content pp-tab-active\" data-tab=\"1\" data-index=\"8451\" role=\"tabpanel\" aria-labelledby=\"pp-advanced-tabs-title-8451\">\n\t\t\t\t\t\t\t<p><img decoding=\"async\" width=\"300\" height=\"150\" class=\"size-medium wp-image-6500 alignright\" src=\"https:\/\/ww2.psjc.fr\/wp-content\/uploads\/2023\/09\/logo-eglise-verte-1080x675-1080x540-1-300x150.jpg\" alt=\"\" srcset=\"https:\/\/www.saintejeannedechantal.com\/wp-content\/uploads\/2023\/09\/logo-eglise-verte-1080x675-1080x540-1-300x150.jpg 300w, https:\/\/www.saintejeannedechantal.com\/wp-content\/uploads\/2023\/09\/logo-eglise-verte-1080x675-1080x540-1-1024x512.jpg 1024w, https:\/\/www.saintejeannedechantal.com\/wp-content\/uploads\/2023\/09\/logo-eglise-verte-1080x675-1080x540-1-768x384.jpg 768w, https:\/\/www.saintejeannedechantal.com\/wp-content\/uploads\/2023\/09\/logo-eglise-verte-1080x675-1080x540-1-958x479.jpg 958w, https:\/\/www.saintejeannedechantal.com\/wp-content\/uploads\/2023\/09\/logo-eglise-verte-1080x675-1080x540-1.jpg 1080w\" sizes=\"(max-width: 300px) 100vw, 300px\" \/>La paroisse s\u2019est engag\u00e9e dans une d\u00e9marche de conversion \u00e0 l\u2019\u00e9cologie int\u00e9grale selon les intuitions de l\u2019encyclique Laudato Si\u2019 : tout est li\u00e9, tout est donn\u00e9, tout est pr\u00e9cieux, tout est fragile.<\/p><p>Le label \u00e9glise verte est un outil offrant une grille d\u2019analyse pour aider \u00e0 faire un diagnostic des pratiques paroissiales selon 5 piliers : l\u2019enseignement, les b\u00e2timents, les<br \/>terrains, la vie avec le quartier, les modes de vie.<\/p><p>Il permet aussi d\u2019avoir un partage d\u2019exp\u00e9rience avec les diff\u00e9rents participants de ce label partout en France.<\/p><p>Une \u00e9quipe de 10 paroissiens mettent en oeuvre ce diagnostic et proposent 2 ou 3 actions annuelles qui permettent d\u2019am\u00e9liorer la prise en compte de l&#8217;\u00e9cologie int\u00e9grale dans la paroisse.\u00a0<\/p>\t\t\t\t\t\t<\/div>\n\t\t\t\t\t<\/div>\n\t\t\t\t\t\t\t\t\t<div class=\"pp-tabs-panel\">\n\t\t\t\t\t\t<div class=\"pp-advanced-tabs-title pp-tabs-label pp-tab-responsive   at-no-hover\" data-index=\"8452\">\n\t\t\t\t\t\t\t<div class=\"pp-advanced-tabs-title-inner\">\n\t\t\t\t\t\t\t\t\t\t\t<span class=\"pp-icon pp-advanced-tabs-icon-left\">\n\t\t\t\t<i aria-hidden=\"true\" class=\"fas fa-tree\"><\/i>\t\t\t<\/span>\n\t\t\t\n\t\t\t\t\t\t\t\t<span class=\"pp-advanced-tabs-title-text\">Jardin Saint Fiacre<\/span>\n\t\t\t\t\t\t\t\t<i class=\"pp-toggle-icon pp-tab-open fa\"><\/i>\n\t\t\t\t\t\t\t<\/div>\n\t\t\t\t\t\t<\/div>\n\t\t\t\t\t\t<div id=\"pp-advanced-tabs-content-8452\" class=\"pp-advanced-tabs-content elementor-clearfix pp-advanced-tabs-tab_content \" data-tab=\"2\" data-index=\"8452\" role=\"tabpanel\" aria-labelledby=\"pp-advanced-tabs-title-8452\">\n\t\t\t\t\t\t\t<p><img fetchpriority=\"high\" decoding=\"async\" width=\"300\" height=\"225\" class=\"size-medium wp-image-5951 alignright\" src=\"https:\/\/ww2.psjc.fr\/wp-content\/uploads\/2023\/09\/Jardin-St-Fiacre-1-300x225.jpg\" alt=\"\" \/>L\u2019Association du Jardin p\u00e9dagogique Saint Fiacre est un jardin partag\u00e9 sur une parcelle proche de la Paroisse Sainte Jeanne de Chantal, dans l\u2019esprit de l\u2019encyclique Laudato Si du Pape Fran\u00e7ois en faveur de notre \u201cMaison commune\u201d.<\/p><p>La vocation premi\u00e8re de ce jardin est p\u00e9dagogique, c\u2019est-\u00e0-dire qu\u2019il s\u2019agit pour toutes les parties prenantes \u00e0 ce projet, adultes comme enfants, d\u2019apprendre \u00e0 s\u2019\u00e9merveiller devant la nature et \u00e0 mieux conna\u00eetre les enjeux humains et spirituels de l\u2019\u00e9cologie int\u00e9grale.<\/p><p>Pour cela, le jardin cultive toutes sortes de plantes (fruits, l\u00e9gumes, fleurs), s\u2019inspire de de la permaculture et vise la sobri\u00e9t\u00e9 heureuse.<br \/>Cet apprentissage interg\u00e9n\u00e9rationnel est ouvert aux habitants du quartier (\u00e9l\u00e8ves des \u00e9coles, parents, personnes seules ou \u00e2g\u00e9es\u2026).<\/p>\t\t\t\t\t\t<\/div>\n\t\t\t\t\t<\/div>\n\t\t\t\t\t\t\t\t\t<div class=\"pp-tabs-panel\">\n\t\t\t\t\t\t<div class=\"pp-advanced-tabs-title pp-tabs-label pp-tab-responsive   at-no-hover\" data-index=\"8453\">\n\t\t\t\t\t\t\t<div class=\"pp-advanced-tabs-title-inner\">\n\t\t\t\t\t\t\t\t\t\t\t<span class=\"pp-icon pp-advanced-tabs-icon-left\">\n\t\t\t\t<i aria-hidden=\"true\" class=\"fas fa-recycle\"><\/i>\t\t\t<\/span>\n\t\t\t\n\t\t\t\t\t\t\t\t<span class=\"pp-advanced-tabs-title-text\">Compost<\/span>\n\t\t\t\t\t\t\t\t<i class=\"pp-toggle-icon pp-tab-open fa\"><\/i>\n\t\t\t\t\t\t\t<\/div>\n\t\t\t\t\t\t<\/div>\n\t\t\t\t\t\t<div id=\"pp-advanced-tabs-content-8453\" class=\"pp-advanced-tabs-content elementor-clearfix pp-advanced-tabs-tab_content \" data-tab=\"3\" data-index=\"8453\" role=\"tabpanel\" aria-labelledby=\"pp-advanced-tabs-title-8453\">\n\t\t\t\t\t\t\t<p>Install\u00e9s depuis 2021, des bacs de compostage des d\u00e9chets v\u00e9g\u00e9taux rencontrent un fort succ\u00e8s aupr\u00e8s des paroissiens et des immeubles voisins.<\/p><p>L\u2019humus permet d\u2019enrichir le jardin solidaire de la paroisse.<\/p><p>Si vous souhaitez composter vos d\u00e9chets v\u00e9g\u00e9taux, contactez nous et nous vous donnerons un bioseau et l&#8217;acc\u00e8s aux bacs \u00e0 compost.<\/p>\t\t\t\t\t\t<\/div>\n\t\t\t\t\t<\/div>\n\t\t\t\t\t\t\t<\/div>\n\t\t<\/div>\n\t\t\t\t\t\t<\/div>\n\t\t\t\t<\/div>\n\t\t\t\t<div class=\"elementor-element elementor-element-6d40fdb5 elementor-widget elementor-widget-spacer\" data-id=\"6d40fdb5\" data-element_type=\"widget\" data-e-type=\"widget\" data-widget_type=\"spacer.default\">\n\t\t\t\t<div class=\"elementor-widget-container\">\n\t\t\t\t\t\t\t<div class=\"elementor-spacer\">\n\t\t\t<div class=\"elementor-spacer-inner\"><\/div>\n\t\t<\/div>\n\t\t\t\t\t\t<\/div>\n\t\t\t\t<\/div>\n\t\t\t\t\t<\/div>\n\t\t<\/div>\n\t\t\t\t\t<\/div>\n\t\t<\/section>\n\t\t\t\t<section class=\"elementor-section elementor-top-section elementor-element elementor-element-3a69b5d4 elementor-section-boxed elementor-section-height-default elementor-section-height-default\" data-id=\"3a69b5d4\" data-element_type=\"section\" data-e-type=\"section\">\n\t\t\t\t\t\t<div class=\"elementor-container elementor-column-gap-default\">\n\t\t\t\t\t<div class=\"elementor-column elementor-col-100 elementor-top-column elementor-element elementor-element-40a748b1\" data-id=\"40a748b1\" data-element_type=\"column\" data-e-type=\"column\">\n\t\t\t<div class=\"elementor-widget-wrap elementor-element-populated\">\n\t\t\t\t\t\t<div class=\"elementor-element elementor-element-7e4f2ae elementor-widget elementor-widget-spacer\" data-id=\"7e4f2ae\" data-element_type=\"widget\" data-e-type=\"widget\" data-widget_type=\"spacer.default\">\n\t\t\t\t<div class=\"elementor-widget-container\">\n\t\t\t\t\t\t\t<div class=\"elementor-spacer\">\n\t\t\t<div class=\"elementor-spacer-inner\"><\/div>\n\t\t<\/div>\n\t\t\t\t\t\t<\/div>\n\t\t\t\t<\/div>\n\t\t\t\t\t<\/div>\n\t\t<\/div>\n\t\t\t\t\t<\/div>\n\t\t<\/section>\n\t\t\t\t<\/div>\n\t\t","protected":false},"excerpt":{"rendered":"<p>&#8220;Ensemble nous vivions dans une douce intimit\u00e9, Nous allions avec la foule \u00e0 la maison de Dieu!&#8221; PS 55:14 contact L\u2019\u00e9cologie souffre de caricatures politiques ou id\u00e9ologiques largement v\u00e9hicul\u00e9es par les m\u00e9dias. Le m\u00e9rite de l\u2019encyclique du pape Fran\u00e7ois sur l\u2019\u00e9cologie int\u00e9grale consiste \u00e0 poser la question de l\u2019environnement dans toute son ampleur : \u00c9cologie [&hellip;]<\/p>\n","protected":false},"author":5,"featured_media":0,"parent":0,"menu_order":0,"comment_status":"closed","ping_status":"closed","template":"","meta":{"footnotes":""},"class_list":["post-158","page","type-page","status-publish","hentry"],"meta_box":[],"_links":{"self":[{"href":"https:\/\/www.saintejeannedechantal.com\/index.php\/wp-json\/wp\/v2\/pages\/158","targetHints":{"allow":["GET"]}}],"collection":[{"href":"https:\/\/www.saintejeannedechantal.com\/index.php\/wp-json\/wp\/v2\/pages"}],"about":[{"href":"https:\/\/www.saintejeannedechantal.com\/index.php\/wp-json\/wp\/v2\/types\/page"}],"author":[{"embeddable":true,"href":"https:\/\/www.saintejeannedechantal.com\/index.php\/wp-json\/wp\/v2\/users\/5"}],"replies":[{"embeddable":true,"href":"https:\/\/www.saintejeannedechantal.com\/index.php\/wp-json\/wp\/v2\/comments?post=158"}],"version-history":[{"count":31,"href":"https:\/\/www.saintejeannedechantal.com\/index.php\/wp-json\/wp\/v2\/pages\/158\/revisions"}],"predecessor-version":[{"id":7169,"href":"https:\/\/www.saintejeannedechantal.com\/index.php\/wp-json\/wp\/v2\/pages\/158\/revisions\/7169"}],"wp:attachment":[{"href":"https:\/\/www.saintejeannedechantal.com\/index.php\/wp-json\/wp\/v2\/media?parent=158"}],"curies":[{"name":"wp","href":"https:\/\/api.w.org\/{rel}","templated":true}]}}