{"id":162,"date":"2023-04-18T11:13:49","date_gmt":"2023-04-18T09:13:49","guid":{"rendered":"https:\/\/ww2.psjc.fr\/?page_id=162"},"modified":"2023-09-20T09:34:36","modified_gmt":"2023-09-20T07:34:36","slug":"pole-mission-du-diocese","status":"publish","type":"page","link":"https:\/\/www.saintejeannedechantal.com\/index.php\/pole-mission-du-diocese\/","title":{"rendered":"P\u00f4le Mission du Dioc\u00e8se"},"content":{"rendered":"\t\t<div data-elementor-type=\"wp-page\" data-elementor-id=\"162\" class=\"elementor elementor-162\" data-elementor-post-type=\"page\">\n\t\t\t\t\t\t<section class=\"elementor-section elementor-top-section elementor-element elementor-element-30ff1ce0 elementor-section-boxed elementor-section-height-default elementor-section-height-default\" data-id=\"30ff1ce0\" data-element_type=\"section\" data-e-type=\"section\">\n\t\t\t\t\t\t<div class=\"elementor-container elementor-column-gap-default\">\n\t\t\t\t\t<div class=\"elementor-column elementor-col-100 elementor-top-column elementor-element elementor-element-5a0e4030\" data-id=\"5a0e4030\" data-element_type=\"column\" data-e-type=\"column\">\n\t\t\t<div class=\"elementor-widget-wrap elementor-element-populated\">\n\t\t\t\t\t\t<div class=\"elementor-element elementor-element-a09fecb elementor-drop-cap-yes elementor-drop-cap-view-default elementor-widget elementor-widget-text-editor\" data-id=\"a09fecb\" data-element_type=\"widget\" data-e-type=\"widget\" data-settings=\"{&quot;drop_cap&quot;:&quot;yes&quot;}\" data-widget_type=\"text-editor.default\">\n\t\t\t\t<div class=\"elementor-widget-container\">\n\t\t\t\t\t\t\t\t\t<p>La mission \u00e0 Paris est en particulier port\u00e9e par le P\u00f4leMission. Cr\u00e9\u00e9 \u00e0 la demande de l\u2019archev\u00eaque de Paris en 2019, le P\u00f4le Mission r\u00e9pond \u00e0 un triple objectif :<\/p><p>\u00a0 \u00a0 * rep\u00e9rer et faire conna\u00eetre les initiatives missionnaires<br \/>\u00a0 \u00a0 * soutenir les paroisses dans leur \u00e9lan missionnaire<br \/>\u00a0 \u00a0 * tester de nouvelles initiatives<\/p><p><a href=\"https:\/\/www.polemission.fr\/\" target=\"_blank\" rel=\"noopener\">\u2192 <strong>Visitez le site de P\u00f4le Mission<\/strong><\/a><\/p>\t\t\t\t\t\t\t\t<\/div>\n\t\t\t\t<\/div>\n\t\t\t\t\t<\/div>\n\t\t<\/div>\n\t\t\t\t\t<\/div>\n\t\t<\/section>\n\t\t\t\t<\/div>\n\t\t","protected":false},"excerpt":{"rendered":"<p>La mission \u00e0 Paris est en particulier port\u00e9e par le P\u00f4leMission. Cr\u00e9\u00e9 \u00e0 la demande de l\u2019archev\u00eaque de Paris en 2019, le P\u00f4le Mission r\u00e9pond \u00e0 un triple objectif : \u00a0 \u00a0 * rep\u00e9rer et faire conna\u00eetre les initiatives missionnaires\u00a0 \u00a0 * soutenir les paroisses dans leur \u00e9lan missionnaire\u00a0 \u00a0 * tester de nouvelles initiatives [&hellip;]<\/p>\n","protected":false},"author":5,"featured_media":0,"parent":0,"menu_order":0,"comment_status":"closed","ping_status":"closed","template":"","meta":{"footnotes":""},"class_list":["post-162","page","type-page","status-publish","hentry"],"meta_box":[],"_links":{"self":[{"href":"https:\/\/www.saintejeannedechantal.com\/index.php\/wp-json\/wp\/v2\/pages\/162","targetHints":{"allow":["GET"]}}],"collection":[{"href":"https:\/\/www.saintejeannedechantal.com\/index.php\/wp-json\/wp\/v2\/pages"}],"about":[{"href":"https:\/\/www.saintejeannedechantal.com\/index.php\/wp-json\/wp\/v2\/types\/page"}],"author":[{"embeddable":true,"href":"https:\/\/www.saintejeannedechantal.com\/index.php\/wp-json\/wp\/v2\/users\/5"}],"replies":[{"embeddable":true,"href":"https:\/\/www.saintejeannedechantal.com\/index.php\/wp-json\/wp\/v2\/comments?post=162"}],"version-history":[{"count":7,"href":"https:\/\/www.saintejeannedechantal.com\/index.php\/wp-json\/wp\/v2\/pages\/162\/revisions"}],"predecessor-version":[{"id":6747,"href":"https:\/\/www.saintejeannedechantal.com\/index.php\/wp-json\/wp\/v2\/pages\/162\/revisions\/6747"}],"wp:attachment":[{"href":"https:\/\/www.saintejeannedechantal.com\/index.php\/wp-json\/wp\/v2\/media?parent=162"}],"curies":[{"name":"wp","href":"https:\/\/api.w.org\/{rel}","templated":true}]}}