{"id":184,"date":"2023-04-18T11:15:38","date_gmt":"2023-04-18T09:15:38","guid":{"rendered":"https:\/\/ww2.psjc.fr\/?page_id=184"},"modified":"2024-07-15T14:01:09","modified_gmt":"2024-07-15T12:01:09","slug":"patronage","status":"publish","type":"page","link":"https:\/\/www.saintejeannedechantal.com\/index.php\/patronage\/","title":{"rendered":"Patronage"},"content":{"rendered":"\t\t<div data-elementor-type=\"wp-page\" data-elementor-id=\"184\" class=\"elementor elementor-184\" data-elementor-post-type=\"page\">\n\t\t\t\t\t\t<section class=\"elementor-section elementor-top-section elementor-element elementor-element-5f603806 elementor-section-boxed elementor-section-height-default elementor-section-height-default\" data-id=\"5f603806\" data-element_type=\"section\" data-e-type=\"section\">\n\t\t\t\t\t\t<div class=\"elementor-container elementor-column-gap-default\">\n\t\t\t\t\t<div class=\"elementor-column elementor-col-100 elementor-top-column elementor-element elementor-element-114826ef\" data-id=\"114826ef\" data-element_type=\"column\" data-e-type=\"column\">\n\t\t\t<div class=\"elementor-widget-wrap elementor-element-populated\">\n\t\t\t\t\t\t<div class=\"elementor-element elementor-element-812d98a elementor-widget elementor-widget-text-editor\" data-id=\"812d98a\" data-element_type=\"widget\" data-e-type=\"widget\" data-widget_type=\"text-editor.default\">\n\t\t\t\t<div class=\"elementor-widget-container\">\n\t\t\t\t\t\t\t\t\t<p><img decoding=\"async\" class=\"alignleft wp-image-6655 size-thumbnail\" src=\"https:\/\/ww2.psjc.fr\/wp-content\/uploads\/2023\/09\/LogoOASIS_PNG-01-150x150.png\" alt=\"\" width=\"150\" height=\"150\" srcset=\"https:\/\/www.saintejeannedechantal.com\/wp-content\/uploads\/2023\/09\/LogoOASIS_PNG-01-150x150.png 150w, https:\/\/www.saintejeannedechantal.com\/wp-content\/uploads\/2023\/09\/LogoOASIS_PNG-01-170x170.png 170w, https:\/\/www.saintejeannedechantal.com\/wp-content\/uploads\/2023\/09\/LogoOASIS_PNG-01-400x400.png 400w, https:\/\/www.saintejeannedechantal.com\/wp-content\/uploads\/2023\/09\/LogoOASIS_PNG-01-200x200.png 200w, https:\/\/www.saintejeannedechantal.com\/wp-content\/uploads\/2023\/09\/LogoOASIS_PNG-01-800x800.png 800w\" sizes=\"(max-width: 150px) 100vw, 150px\" \/>Nous proposons des activit\u00e9s adapt\u00e9es aux enjeux et attentes de notre temps selon le <strong>projet associatif de l\u2019Oasis<\/strong>.<\/p><p>Tous les enfants sont accueillis par des \u00e9ducateurs de qualit\u00e9. Les jeunes de 12 ans et plus peuvent s\u2019engager aupr\u00e8s des petits comme <em>Grand Fr\u00e8re<\/em> ou <em>Grande Soeur<\/em> : ils re\u00e7oivent pour cela les formations adapt\u00e9es.<\/p><p><strong>Le Patronage en p\u00e9riode scolaire<\/strong> : pour tous, du lundi au vendredi. Le Patronage accueille les enfants apr\u00e8s l\u2019\u00e9cole dans un cadre propice pour jouer et pour l\u2019aide aux devoirs.<\/p><p><strong>Le Patronage en vacances<\/strong> : Au cours des vacances scolaires (sauf \u00e0 No\u00ebl), le Patronage ouvre ses portes pour une semaine de grands eux, d\u2019activit\u00e9s cr\u00e9atives, de temps d\u2019enseignement, etc.<\/p><p>Directice : <span class=\"OYPEnA text-decoration-none text-strikethrough-none\">Raissa RANGEL DAMIANO<\/span><\/p><p>\u00a0<\/p>\t\t\t\t\t\t\t\t<\/div>\n\t\t\t\t<\/div>\n\t\t\t\t<div class=\"elementor-element elementor-element-5c752aef elementor-widget elementor-widget-spacer\" data-id=\"5c752aef\" data-element_type=\"widget\" data-e-type=\"widget\" data-widget_type=\"spacer.default\">\n\t\t\t\t<div class=\"elementor-widget-container\">\n\t\t\t\t\t\t\t<div class=\"elementor-spacer\">\n\t\t\t<div class=\"elementor-spacer-inner\"><\/div>\n\t\t<\/div>\n\t\t\t\t\t\t<\/div>\n\t\t\t\t<\/div>\n\t\t\t\t\t<\/div>\n\t\t<\/div>\n\t\t\t\t\t<\/div>\n\t\t<\/section>\n\t\t\t\t<section class=\"elementor-section elementor-top-section elementor-element elementor-element-112ed4be elementor-section-boxed elementor-section-height-default elementor-section-height-default\" data-id=\"112ed4be\" data-element_type=\"section\" data-e-type=\"section\">\n\t\t\t\t\t\t<div class=\"elementor-container elementor-column-gap-default\">\n\t\t\t\t\t<div class=\"elementor-column elementor-col-100 elementor-top-column elementor-element elementor-element-4277854e\" data-id=\"4277854e\" data-element_type=\"column\" data-e-type=\"column\">\n\t\t\t<div class=\"elementor-widget-wrap elementor-element-populated\">\n\t\t\t\t\t\t<div class=\"elementor-element elementor-element-47b4d358 elementor-widget elementor-widget-pp-advanced-tabs\" data-id=\"47b4d358\" data-element_type=\"widget\" data-e-type=\"widget\" data-widget_type=\"pp-advanced-tabs.default\">\n\t\t\t\t<div class=\"elementor-widget-container\">\n\t\t\t\t\t\t\t<div class=\"pp-advanced-tabs pp-style-6 pp-tabs-responsive-tablet pp-advabced-tabs-responsive\">\n\t\t\t<div class=\"pp-advanced-tabs-wrapper pp-tabs-labels at-vertical  at-no-hover\" role=\"tablist\">\n\t\t\t\t\t\t\t\t\t\t\t<div id=\"pp-advanced-tabs-title-1201\" class=\"pp-advanced-tabs-title pp-tabs-label pp-advanced-tabs-desktop-title pp-tab-active\" data-tab=\"1\" data-index=\"1201\" tabindex=\"0\" role=\"tab\" aria-controls=\"pp-advanced-tabs-content-1201\">\n\n\t\t\t\t\t\t\t\t\t\t\t<span class=\"pp-icon pp-advanced-tabs-icon-left\">\n\t\t\t\t<i aria-hidden=\"true\" class=\"far fa-envelope\"><\/i>\t\t\t<\/span>\n\t\t\t\n\t\t\t\t\t\t\t\t<span class=\"pp-advanced-tabs-title-text\">Contact<\/span>\n\t\t\t\t\t\t\t\t\t\t\t\t\t\t\t<\/div>\n\t\t\t\t\t\t\t\t\t<\/div>\n\t\t\t<div class=\"pp-advanced-tabs-content-wrapper pp-tabs-panels at-vertical-content\">\n\t\t\t\t\t\t\t\t\t<div class=\"pp-tabs-panel\">\n\t\t\t\t\t\t<div class=\"pp-advanced-tabs-title pp-tabs-label pp-tab-responsive pp-tab-active  at-no-hover\" data-index=\"1201\">\n\t\t\t\t\t\t\t<div class=\"pp-advanced-tabs-title-inner\">\n\t\t\t\t\t\t\t\t\t\t\t<span class=\"pp-icon pp-advanced-tabs-icon-left\">\n\t\t\t\t<i aria-hidden=\"true\" class=\"far fa-envelope\"><\/i>\t\t\t<\/span>\n\t\t\t\n\t\t\t\t\t\t\t\t<span class=\"pp-advanced-tabs-title-text\">Contact<\/span>\n\t\t\t\t\t\t\t\t<i class=\"pp-toggle-icon pp-tab-open fa\"><\/i>\n\t\t\t\t\t\t\t<\/div>\n\t\t\t\t\t\t<\/div>\n\t\t\t\t\t\t<div id=\"pp-advanced-tabs-content-1201\" class=\"pp-advanced-tabs-content elementor-clearfix pp-advanced-tabs-tab_content pp-tab-active\" data-tab=\"1\" data-index=\"1201\" role=\"tabpanel\" aria-labelledby=\"pp-advanced-tabs-title-1201\">\n\t\t\t\t\t\t\t<p><img fetchpriority=\"high\" decoding=\"async\" class=\"wp-image-8502 size-medium alignleft\" src=\"https:\/\/www.saintejeannedechantal.com\/wp-content\/uploads\/2024\/07\/RAISSA-227x300.jpg\" alt=\"\" width=\"227\" height=\"300\" srcset=\"https:\/\/www.saintejeannedechantal.com\/wp-content\/uploads\/2024\/07\/RAISSA-227x300.jpg 227w, https:\/\/www.saintejeannedechantal.com\/wp-content\/uploads\/2024\/07\/RAISSA.jpg 532w\" sizes=\"(max-width: 227px) 100vw, 227px\" \/><\/p><p>\u00a0<\/p><p>\u00a0<\/p><p>\u00a0<\/p><p>\u00a0<\/p><p>Directrice du patronage<br \/>Raissa RANGEL DAMIANO<br \/>patro@loasis.org<\/p>\t\t\t\t\t\t<\/div>\n\t\t\t\t\t<\/div>\n\t\t\t\t\t\t\t<\/div>\n\t\t<\/div>\n\t\t\t\t\t\t<\/div>\n\t\t\t\t<\/div>\n\t\t\t\t<div class=\"elementor-element elementor-element-1a0b260b elementor-widget elementor-widget-spacer\" data-id=\"1a0b260b\" data-element_type=\"widget\" data-e-type=\"widget\" data-widget_type=\"spacer.default\">\n\t\t\t\t<div class=\"elementor-widget-container\">\n\t\t\t\t\t\t\t<div class=\"elementor-spacer\">\n\t\t\t<div class=\"elementor-spacer-inner\"><\/div>\n\t\t<\/div>\n\t\t\t\t\t\t<\/div>\n\t\t\t\t<\/div>\n\t\t\t\t\t<\/div>\n\t\t<\/div>\n\t\t\t\t\t<\/div>\n\t\t<\/section>\n\t\t\t\t<\/div>\n\t\t","protected":false},"excerpt":{"rendered":"<p>Nous proposons des activit\u00e9s adapt\u00e9es aux enjeux et attentes de notre temps selon le projet associatif de l\u2019Oasis. Tous les enfants sont accueillis par des \u00e9ducateurs de qualit\u00e9. Les jeunes de 12 ans et plus peuvent s\u2019engager aupr\u00e8s des petits comme Grand Fr\u00e8re ou Grande Soeur : ils re\u00e7oivent pour cela les formations adapt\u00e9es. Le [&hellip;]<\/p>\n","protected":false},"author":5,"featured_media":6556,"parent":0,"menu_order":0,"comment_status":"closed","ping_status":"closed","template":"","meta":{"footnotes":""},"class_list":["post-184","page","type-page","status-publish","has-post-thumbnail","hentry"],"meta_box":[],"_links":{"self":[{"href":"https:\/\/www.saintejeannedechantal.com\/index.php\/wp-json\/wp\/v2\/pages\/184","targetHints":{"allow":["GET"]}}],"collection":[{"href":"https:\/\/www.saintejeannedechantal.com\/index.php\/wp-json\/wp\/v2\/pages"}],"about":[{"href":"https:\/\/www.saintejeannedechantal.com\/index.php\/wp-json\/wp\/v2\/types\/page"}],"author":[{"embeddable":true,"href":"https:\/\/www.saintejeannedechantal.com\/index.php\/wp-json\/wp\/v2\/users\/5"}],"replies":[{"embeddable":true,"href":"https:\/\/www.saintejeannedechantal.com\/index.php\/wp-json\/wp\/v2\/comments?post=184"}],"version-history":[{"count":48,"href":"https:\/\/www.saintejeannedechantal.com\/index.php\/wp-json\/wp\/v2\/pages\/184\/revisions"}],"predecessor-version":[{"id":9461,"href":"https:\/\/www.saintejeannedechantal.com\/index.php\/wp-json\/wp\/v2\/pages\/184\/revisions\/9461"}],"wp:featuredmedia":[{"embeddable":true,"href":"https:\/\/www.saintejeannedechantal.com\/index.php\/wp-json\/wp\/v2\/media\/6556"}],"wp:attachment":[{"href":"https:\/\/www.saintejeannedechantal.com\/index.php\/wp-json\/wp\/v2\/media?parent=184"}],"curies":[{"name":"wp","href":"https:\/\/api.w.org\/{rel}","templated":true}]}}