{"id":61,"date":"2023-04-18T10:12:56","date_gmt":"2023-04-18T08:12:56","guid":{"rendered":"https:\/\/ww2.psjc.fr\/?page_id=61"},"modified":"2023-09-18T21:49:26","modified_gmt":"2023-09-18T19:49:26","slug":"eucharistie","status":"publish","type":"page","link":"https:\/\/www.saintejeannedechantal.com\/index.php\/eucharistie\/","title":{"rendered":"Eucharistie"},"content":{"rendered":"\t\t<div data-elementor-type=\"wp-page\" data-elementor-id=\"61\" class=\"elementor elementor-61\" data-elementor-post-type=\"page\">\n\t\t\t\t\t\t<section class=\"elementor-section elementor-top-section elementor-element elementor-element-4139f606 elementor-section-content-top elementor-section-boxed elementor-section-height-default elementor-section-height-default\" data-id=\"4139f606\" data-element_type=\"section\" data-e-type=\"section\">\n\t\t\t\t\t\t<div class=\"elementor-container elementor-column-gap-no\">\n\t\t\t\t\t<div class=\"elementor-column elementor-col-100 elementor-top-column elementor-element elementor-element-37d9ab4c\" data-id=\"37d9ab4c\" data-element_type=\"column\" data-e-type=\"column\">\n\t\t\t<div class=\"elementor-widget-wrap elementor-element-populated\">\n\t\t\t\t\t\t<div class=\"elementor-element elementor-element-26ec7d56 elementor-widget elementor-widget-heading\" data-id=\"26ec7d56\" data-element_type=\"widget\" data-e-type=\"widget\" data-widget_type=\"heading.default\">\n\t\t\t\t<div class=\"elementor-widget-container\">\n\t\t\t\t\t<h5 class=\"elementor-heading-title elementor-size-default\">L\u2019Eucharistie c\u00e9l\u00e9br\u00e9e \u00e0 chaque messe est la source et le sommet de la vie chr\u00e9tienne \u00e0 laquelle les fid\u00e8les puisent chaque dimanche.<\/h5>\t\t\t\t<\/div>\n\t\t\t\t<\/div>\n\t\t\t\t<div class=\"elementor-element elementor-element-3ed8a7c6 elementor-widget elementor-widget-text-editor\" data-id=\"3ed8a7c6\" data-element_type=\"widget\" data-e-type=\"widget\" data-widget_type=\"text-editor.default\">\n\t\t\t\t<div class=\"elementor-widget-container\">\n\t\t\t\t\t\t\t\t\t<p>Lors de la c\u00e9l\u00e9bration de la messe, l\u2019assembl\u00e9e est rendue pr\u00e9sente \u00e0 la derni\u00e8re C\u00e8ne, au pieds de la croix et \u00e0 la r\u00e9surrection de J\u00e9sus Christ.<\/p><p>En recevant le Corps du Christ r\u00e9ellement pr\u00e9sent sous l\u2019apparence du pain et du vin, le fid\u00e8le s\u2019unit \u00e0 l\u2019offrande de J\u00e9sus et s\u2019engage \u00e0 aimer comme le Christ nous a aim\u00e9.<\/p><p><strong>Les enfants pr\u00e9parent leur \u00ab premi\u00e8re \u00bb communion au cat\u00e9chisme ou \u00e0 l\u2019aum\u00f4nerie. Les adultes, \u00e0 tout \u00e2ge peuvent s\u2019y pr\u00e9parer au cat\u00e9chum\u00e9nat.<\/strong><\/p>\t\t\t\t\t\t\t\t<\/div>\n\t\t\t\t<\/div>\n\t\t\t\t\t<\/div>\n\t\t<\/div>\n\t\t\t\t\t<\/div>\n\t\t<\/section>\n\t\t\t\t<\/div>\n\t\t","protected":false},"excerpt":{"rendered":"<p>L\u2019Eucharistie c\u00e9l\u00e9br\u00e9e \u00e0 chaque messe est la source et le sommet de la vie chr\u00e9tienne \u00e0 laquelle les fid\u00e8les puisent chaque dimanche. Lors de la c\u00e9l\u00e9bration de la messe, l\u2019assembl\u00e9e est rendue pr\u00e9sente \u00e0 la derni\u00e8re C\u00e8ne, au pieds de la croix et \u00e0 la r\u00e9surrection de J\u00e9sus Christ. En recevant le Corps du Christ [&hellip;]<\/p>\n","protected":false},"author":5,"featured_media":4806,"parent":0,"menu_order":0,"comment_status":"closed","ping_status":"closed","template":"","meta":{"footnotes":""},"class_list":["post-61","page","type-page","status-publish","has-post-thumbnail","hentry"],"meta_box":[],"_links":{"self":[{"href":"https:\/\/www.saintejeannedechantal.com\/index.php\/wp-json\/wp\/v2\/pages\/61","targetHints":{"allow":["GET"]}}],"collection":[{"href":"https:\/\/www.saintejeannedechantal.com\/index.php\/wp-json\/wp\/v2\/pages"}],"about":[{"href":"https:\/\/www.saintejeannedechantal.com\/index.php\/wp-json\/wp\/v2\/types\/page"}],"author":[{"embeddable":true,"href":"https:\/\/www.saintejeannedechantal.com\/index.php\/wp-json\/wp\/v2\/users\/5"}],"replies":[{"embeddable":true,"href":"https:\/\/www.saintejeannedechantal.com\/index.php\/wp-json\/wp\/v2\/comments?post=61"}],"version-history":[{"count":40,"href":"https:\/\/www.saintejeannedechantal.com\/index.php\/wp-json\/wp\/v2\/pages\/61\/revisions"}],"predecessor-version":[{"id":6372,"href":"https:\/\/www.saintejeannedechantal.com\/index.php\/wp-json\/wp\/v2\/pages\/61\/revisions\/6372"}],"wp:featuredmedia":[{"embeddable":true,"href":"https:\/\/www.saintejeannedechantal.com\/index.php\/wp-json\/wp\/v2\/media\/4806"}],"wp:attachment":[{"href":"https:\/\/www.saintejeannedechantal.com\/index.php\/wp-json\/wp\/v2\/media?parent=61"}],"curies":[{"name":"wp","href":"https:\/\/api.w.org\/{rel}","templated":true}]}}