{"id":7416,"date":"2024-01-26T17:34:27","date_gmt":"2024-01-26T16:34:27","guid":{"rendered":"https:\/\/www.saintejeannedechantal.com\/?page_id=7416"},"modified":"2024-01-26T17:34:28","modified_gmt":"2024-01-26T16:34:28","slug":"calendrier","status":"publish","type":"page","link":"https:\/\/www.saintejeannedechantal.com\/index.php\/calendrier\/","title":{"rendered":"Calendrier"},"content":{"rendered":"\n<div id=\"calendarize_0\" class=\"rhcalendar  not-widget rhc_holder\" data-rhc_ui_theme=\"\" data-rhc_options=\"{&quot;editable&quot;:false,&quot;mode&quot;:&quot;view&quot;,&quot;modes&quot;:{&quot;view&quot;:{&quot;label&quot;:&quot;View&quot;,&quot;options&quot;:{&quot;weekNumberTitle&quot;:&quot;W&quot;,&quot;weekNumbers&quot;:false,&quot;loadingOverlay&quot;:&quot;0&quot;,&quot;weekMode&quot;:&quot;fixed&quot;,&quot;header&quot;:{&quot;left&quot;:&quot;rhc_search prevYear,prev,next,nextYear today&quot;,&quot;center&quot;:&quot;title&quot;,&quot;right&quot;:&quot;month,agendaWeek,agendaDay,rhc_event&quot;},&quot;events_source&quot;:&quot;https:\\\/\\\/www.saintejeannedechantal.com\\\/?rhc_action=get_calendar_events&quot;,&quot;events_source_query&quot;:&quot;&amp;post_type[]=events&quot;,&quot;defaultView&quot;:&quot;month&quot;,&quot;aspectRatio&quot;:&quot;1.35&quot;,&quot;weekends&quot;:true,&quot;allDayDefault&quot;:true,&quot;titleFormat&quot;:{&quot;month&quot;:&quot;MMMM yyyy&quot;,&quot;week&quot;:&quot;MMM d[ yyyy]{ &#039;\\u2014&#039;[ MMM] d yyyy}&quot;,&quot;day&quot;:&quot;dddd, MMM d, yyyy&quot;},&quot;mobile_month_cell_num_format&quot;:&quot;d&quot;,&quot;columnFormat&quot;:{&quot;month&quot;:&quot;ddd&quot;,&quot;week&quot;:&quot;ddd M\\\/d&quot;,&quot;day&quot;:&quot;dddd M\\\/d&quot;},&quot;timeFormat&quot;:{&quot;month&quot;:&quot;HH:mm&quot;,&quot;week&quot;:&quot;HH:mm&quot;,&quot;day&quot;:&quot;HH:mm&quot;,&quot;&quot;:&quot;h(:mm)t&quot;},&quot;tooltip&quot;:{&quot;startDate&quot;:&quot;ddd MMMM d, yyyy h:mm TT&quot;,&quot;startDateAllDay&quot;:&quot;ddd MMMM d, yyyy&quot;,&quot;endDate&quot;:&quot;ddd MMMM d, yyyy h:mm TT&quot;,&quot;endDateAllDay&quot;:&quot;ddd MMMM d, yyyy&quot;,&quot;target&quot;:&quot;_blank&quot;,&quot;disableTitleLink&quot;:&quot;0&quot;,&quot;enableCustom&quot;:true,&quot;taxonomy_links&quot;:true,&quot;image&quot;:1,&quot;excerpt&quot;:1},&quot;tooltip_on_hover&quot;:&quot;0&quot;,&quot;tooltip_close_on_title_leave&quot;:&quot;0&quot;,&quot;tooltip_close_on_outside_click&quot;:&quot;0&quot;,&quot;axisFormat&quot;:&quot;h(:mm)tt&quot;,&quot;isRTL&quot;:false,&quot;firstDay&quot;:0,&quot;monthNames&quot;:[&quot;Janvier&quot;,&quot;F\\u00e9vrier&quot;,&quot;Mars&quot;,&quot;Avril&quot;,&quot;Mai&quot;,&quot;Juin&quot;,&quot;Juillet&quot;,&quot;Ao\\u00fbt&quot;,&quot;Septembre&quot;,&quot;Octobre&quot;,&quot;Novembre&quot;,&quot;D\\u00e9cembre&quot;],&quot;monthNamesShort&quot;:[&quot;Jan&quot;,&quot;Fev&quot;,&quot;Mar&quot;,&quot;Avr&quot;,&quot;Mai&quot;,&quot;Juin&quot;,&quot;Juill&quot;,&quot;Aou&quot;,&quot;Sep&quot;,&quot;Oct&quot;,&quot;Nov&quot;,&quot;Dec&quot;],&quot;dayNames&quot;:[&quot;Dimanche&quot;,&quot;Lundi&quot;,&quot;Mardi&quot;,&quot;Mercredi&quot;,&quot;Jeudi&quot;,&quot;Vendredi&quot;,&quot;Samedi&quot;],&quot;dayNamesShort&quot;:[&quot;Dim&quot;,&quot;Lun&quot;,&quot;Mar&quot;,&quot;Mer&quot;,&quot;Jeu&quot;,&quot;Ven&quot;,&quot;Sam&quot;],&quot;buttonText&quot;:{&quot;today&quot;:&quot;aujourd&#039;hui&quot;,&quot;month&quot;:&quot;mois&quot;,&quot;week&quot;:&quot;semaine&quot;,&quot;day&quot;:&quot;jour&quot;,&quot;prev&quot;:&quot;&quot;,&quot;next&quot;:&quot;&quot;,&quot;prevYear&quot;:&quot;&quot;,&quot;nextYear&quot;:&quot;&quot;,&quot;rhc_search&quot;:&quot;Calendrier&quot;,&quot;rhc_event&quot;:&quot;\\u00e9v\\u00e9nement&quot;,&quot;rhc_detail&quot;:&quot;d\\u00e9tail&quot;,&quot;rhc_gmap&quot;:&quot;map&quot;,&quot;rhc_filter&quot;:&quot;&amp;nbsp;&quot;},&quot;buttonIcons&quot;:{&quot;prev&quot;:&quot;circle-triangle-w&quot;,&quot;next&quot;:&quot;circle-triangle-e&quot;},&quot;transition&quot;:{&quot;notransition&quot;:&quot;0&quot;,&quot;easing&quot;:&quot;easeInOutExpo&quot;,&quot;duration&quot;:&quot;600&quot;,&quot;direction&quot;:&quot;horizontal&quot;},&quot;eventList&quot;:{&quot;TitleFormat&quot;:&quot;MMMM yyyy&quot;,&quot;DateFormat&quot;:&quot;dddd MMMM d, yyyy&quot;,&quot;StartDateFormat&quot;:&quot;dddd&quot;,&quot;StartDateFormatAllDay&quot;:&quot;dddd MMMM d, yyyy&quot;,&quot;ShowHeader&quot;:&quot;1&quot;,&quot;eventListNoEventsText&quot;:&quot;Pas d&#039;\\u00e9v\\u00e9nement \\u00e0 venir pour la p\\u00e9riode choisie&quot;,&quot;monthsahead&quot;:&quot;&quot;,&quot;daysahead&quot;:&quot;&quot;,&quot;upcoming&quot;:&quot;1&quot;,&quot;reverse&quot;:&quot;0&quot;,&quot;display&quot;:&quot;6&quot;,&quot;outofrange&quot;:&quot;0&quot;,&quot;eventlist_template&quot;:&quot;&quot;,&quot;extDateFormat&quot;:&quot;ddd MMMM d, yyyy&quot;,&quot;extTimeFormat&quot;:&quot;HH:mm&quot;,&quot;extDateTimeFormat&quot;:&quot;dddd MMMM d, yyyy. h:mmtt&quot;,&quot;extendedDetails&quot;:&quot;1&quot;,&quot;delta&quot;:&quot;&quot;,&quot;stack&quot;:&quot;0&quot;,&quot;auto&quot;:&quot;0&quot;,&quot;scrolloffset&quot;:&quot;&quot;,&quot;removeended&quot;:&quot;0&quot;},&quot;widgetlist&quot;:{&quot;sel&quot;:&quot;&quot;,&quot;number&quot;:&quot;&quot;,&quot;showimage&quot;:&quot;&quot;,&quot;fcdate_format&quot;:&quot;&quot;,&quot;fctime_format&quot;:&quot;&quot;,&quot;start&quot;:&quot;&quot;,&quot;end&quot;:&quot;&quot;,&quot;horizon&quot;:&quot;&quot;,&quot;using_calendar_url&quot;:&quot;&quot;,&quot;loading_method&quot;:&quot;&quot;,&quot;historic&quot;:&quot;&quot;,&quot;specific_date&quot;:&quot;&quot;,&quot;words&quot;:&quot;10&quot;,&quot;dayspast&quot;:0,&quot;premiere&quot;:&quot;&quot;},&quot;eventClick&quot;:fc_click,&quot;eventMouseover&quot;:fc_mouseover,&quot;singleSource&quot;:&quot;https:\\\/\\\/www.saintejeannedechantal.com\\\/?rhc_action=get_rendered_item&quot;,&quot;for_widget&quot;:0,&quot;widget_dayclick&quot;:&quot;&quot;,&quot;widget_link&quot;:&quot;&quot;,&quot;widget_link_view&quot;:&quot;&quot;,&quot;widget_google_map&quot;:&quot;interactive&quot;,&quot;widget_onechardaylabel&quot;:&quot;&quot;,&quot;widget_autohover&quot;:&quot;&quot;,&quot;widget_autoclick&quot;:&quot;&quot;,&quot;widget_hformat&quot;:&quot;&quot;,&quot;gotodate&quot;:&quot;&quot;,&quot;ev_calendar&quot;:&quot;&quot;,&quot;ev_venue&quot;:&quot;&quot;,&quot;ev_organizer&quot;:&quot;&quot;,&quot;allDaySlot&quot;:true,&quot;allDayText&quot;:&quot;jour entier&quot;,&quot;firstHour&quot;:&quot;6&quot;,&quot;slotMinutes&quot;:30,&quot;minTime&quot;:&quot;0&quot;,&quot;maxTime&quot;:&quot;24&quot;,&quot;json_feed&quot;:false,&quot;json_only&quot;:0,&quot;tax_filter&quot;:&quot;1&quot;,&quot;tax_filter_label&quot;:{&quot;year&quot;:&quot;Ann\\u00e9e&quot;,&quot;month&quot;:&quot;Mois&quot;},&quot;tax_filter_skip&quot;:[],&quot;tax_filter_include&quot;:[],&quot;tax_filter_multiple&quot;:1,&quot;sidelist&quot;:{&quot;open&quot;:&quot;0&quot;,&quot;link_target&quot;:&quot;_blank&quot;,&quot;template&quot;:&quot;#sidelist_template_calendarize_0&quot;,&quot;labels&quot;:{&quot;tab&quot;:&quot;Liste \\u00e9v\\u00e9nements&quot;}},&quot;hiddenDays&quot;:[],&quot;skipMonths&quot;:[],&quot;matchBackground&quot;:&quot;0&quot;,&quot;shrink&quot;:&quot;1&quot;,&quot;month_event_image&quot;:&quot;0&quot;,&quot;upcoming&quot;:&quot;0&quot;,&quot;upcoming_trim_past&quot;:&quot;0&quot;,&quot;left_trim_date&quot;:&quot;0&quot;,&quot;right_trim_date&quot;:&quot;0&quot;,&quot;nextDayThreshold&quot;:&quot;&quot;,&quot;showothermonth&quot;:&quot;1&quot;,&quot;feed&quot;:&quot;&quot;,&quot;norepeat&quot;:&quot;0&quot;,&quot;event_skip&quot;:0,&quot;local_tz&quot;:0,&quot;debugjs&quot;:0,&quot;preload&quot;:0,&quot;allday_group&quot;:0,&quot;max_events&quot;:0,&quot;render_events&quot;:1,&quot;fixed_title&quot;:&quot;&quot;,&quot;btn_tax_parent_only&quot;:&quot;0&quot;,&quot;term_post_count&quot;:&quot;0&quot;,&quot;selectable&quot;:&quot;&quot;,&quot;selectHelper&quot;:&quot;&quot;,&quot;select&quot;:&quot;&quot;}}},&quot;common&quot;:{&quot;theme&quot;:false,&quot;icalendar_align&quot;:&quot;left&quot;}}\"><div class=\"fullCalendar\"><\/div><div class=\"fc-filters-dialog-holder fc-display-none\" style=\"display:none;\">\n\t<div class=\"fc-filters-dialog\">\n\t\t<div class=\"fbd-main-holder\">\n\t\t\t<div class=\"fbd-head\">\n\t\t\t\t<div class=\"fbd-close-tooltip rhc-close-icon\"><a title=\"Close dialog\" href=\"javascript:void(0);\"><\/a><\/div>\t\t\t\n\t\t\t<\/div>\n\t\t\t<div class=\"fbd-body\">\n\t\t\t\t\t\t\t\t<div class=\"fbd-dialog-content\">\n<ul class='fbd-ul'><li class=\"fbd-tabs\"><a data-tab-target=\".tab-calendar\">Calendriers<\/a><\/li><\/ul><div data-taxonomy=\"calendar\" class='fbd-filter-group fbd-tabs-panel tab-calendar'>\n<div class=\"fbd-checked\"><\/div>\n<div class=\"fbd-unchecked\">\n<div data-tab-index=\"0\" class=\"fbd-cell\"><label for=\"calendar_calendrier-de-la-paroisse_0\"><input  data-taxonomy=\"calendar\" id=\"calendar_calendrier-de-la-paroisse_0\" class=\"fbd-checkbox fbd-filter\" type=\"checkbox\" name=\"calendar_calendrier-de-la-paroisse\" value=\"calendrier-de-la-paroisse\" title=\"Calendrier de la paroisse\" data-parent=\"0\" data-count=\"16\" \/>&nbsp;<span class=\"fbd-term-label\">Calendrier de la paroisse<\/span><\/label><\/div><div data-tab-index=\"1\" class=\"fbd-cell\"><label for=\"calendar_evenements_1\"><input  data-taxonomy=\"calendar\" id=\"calendar_evenements_1\" class=\"fbd-checkbox fbd-filter\" type=\"checkbox\" name=\"calendar_evenements\" value=\"evenements\" title=\"Ev\u00e8nements\" data-parent=\"0\" data-count=\"25\" \/>&nbsp;<span class=\"fbd-term-label\">Ev\u00e8nements<\/span><\/label><\/div>\n<\/div>\n<div class=\"fbd-clear\"><\/div>\n<\/div>\n\t\t\t\n\t\t\t\t<\/div>\n\t\t\t\t<div class=\"fbd-dialog-controls\">\n\t\t\t\t\t<input type=\"button\" class=\"fbd-button-secondary fbd-dg-remove\" name=\"fbd-dg-remove\" value=\"montrer tout\" \/>\n\t\t\t\t\t<input type=\"button\" class=\"fbd-button fbd-button-primary fbd-dg-apply\" name=\"fbd-dg-apply\" value=\"Appliquer filtre\" \/>\n\t\t\t\t\t<div class=\"fbd-status\">\n\t\t\t\t\t\t<img decoding=\"async\" src=\"https:\/\/www.saintejeannedechantal.com\/wp-admin\/images\/wpspin_light.gif\" alt=\"\" \/>\n\t\t\t\t\t<\/div>\n\t\t\t\t\t<div class=\"fbd-clear\"><\/div>\n\t\t\t\t<\/div>\n\t\t\t\t<div class=\"fbd-clear\"><\/div>\n\t\t\t<\/div>\n\t\t\t<div class=\"fbd-clear\"><\/div>\n\t\t<\/div>\n\t<\/div>\n<\/div>\n<div class=\"ical-tooltip-template\" title=\"Feed iCal\" style='display:none;width:460px;' data-button_text=\"Feed iCal\">\n\t<div class=\"ical-tooltip-holder\">\n\t\t<div class=\"fbd-main-holder\">\n\t\t\t<div class=\"fbd-head\">\n\t\t\t\t<div class=\"rhc-close-icon\"><a title=\"Fermer\" class=\"ical-close\" href=\"javascript:void(0);\"><\/a><\/div>\t\t\t\t\n                <div class=\"ical-title\">Feed iCal<\/div>\n\t\t\t<\/div>\n\t\t\t<div class=\"fbd-body\">\n\t\t\t\t<div class=\"fbd-dialog-content\">\n\t\t\t\t\t<label for=\"ical_tooltip_textarea_1\" class=\"fbd-label\">URL feed iCal\t\t\t\t\t<textarea id=\"ical_tooltip_textarea_1\" class=\"ical-url\"><\/textarea>\n\t\t\t\t\t<\/label>\n\t\t\t\t\t<p class=\"rhc-icalendar-description\">R\u00e9cup\u00e9rer le flux pour iCal (Google Calendar). Ceci est pour s'abonner au flux des \u00e9v\u00e9nements dans le calendrier. Ajouter cette URL \u00e0 iCal (Mac) ou Google Calendar, ou \u00e0 n'importe quel autre calendrier qui supporte les flux iCal.<\/p>\t\t\t\n\t\t\t\t\t<div class=\"fbd-buttons\">\n\t\t\t\t\t\t<a class=\"ical-clip fbd-button-secondary\" href=\"#\">Copier l'URL du flux dans le presse papier<\/a>\n\t\t\t\t\t\t<a class=\"ical-ics fbd-button-primary\" href=\"#\">T\u00e9l\u00e9charger fichier ICS<\/a>\n\t\t\t\t\t\t\n\t\t\t\t\t<\/div>\n\t\t\t\t<\/div>\n\t\t\n\t\t\t<\/div>\t\n\t\t<\/div>\n\t<\/div>\n    <div class=\"ical-overlay\"><\/div>\n<\/div>\n<div style=\"clear:both\"><\/div><\/div><div id=\"fct-item-template\" style=\"display:none;\" class=\"fct-tooltip\">\n\t<div class=\"fct-arrow-holder\">\n\t\t<div class=\"fct-arrow\"><\/div>\n\t\t<div class=\"fct-arrow-border\"><\/div>\t\t\n\t<\/div>\n\t<div class=\"fct-main\">\n\t\t<div class=\"fct-header\">\n\t\t\t<div class=\"fc-close-tooltip\"><a title=\"Fermer\" href=\"javascript:void(0);\"><\/a><\/div>\n\t\t\t<div class=\"fc-title\"><\/div>\n\t\t<\/div>\n\t\t<div class=\"fct-body\">\n\t\t\t<div class=\"fct-dbox\">\n\t\t\t\t<div class=\"fc-term-venue-gaddress fc-term-venue-gaddress\"><label>Adresse<\/label><\/div>\n\t\t\t\t<div class=\"fc-start\"><label class=\"tooltip-fc-start\">D\u00e9but<\/label><\/div>\n\t\t\t\t<div class=\"fc-end\"><label class=\"tooltip-fc-end\">Fin<\/label><\/div>\n\t\t\t\t<div class=\"fc-hide fc-tax-venue\"><label class=\"tax-label\"><\/label><\/div>\t\t\t\n\t\t\t<\/div>\n\t\t\t<div class=\"fc-description\"><\/div>\n\t\t<\/div>\n\t\t<div class=\"fct-footer\">\n\t\t\t<div class=\"fc-social\"><\/div>\n           <div class=\"fc-image\"><\/div>\n\t\t<\/div>\t\n\t<\/div>\n<\/div>\n<div style=\"display:none;\" class=\"event_list_template\"><div class=\"fc-event-list-container\">\n\t<!-- you can replace with custom content to be displayed before the items -->\n\t<div class=\"fc-event-list-holder\">\n\t\t<div class=\"fc-event-list-no-events fc-remove\"><div class=\"fc-no-list-events-message\"><\/div><\/div>\n\t\t<div class=\"fc-event-list-date fc-remove\"><h3 class=\"fc-event-list-date-header\"><\/h3><\/div>\n\t\t<div class=\"fc-event-list-item fc-remove\">\n\t\t\t<div class=\"fc-event-list-content\">\n\t\t\t\t<h4><a class=\"fc-event-link fc-event-list-title\" href=\"{link}\" target=\"_BLANK\">{title}<\/a><\/h4>\n\n\t\t\t\t<div class=\"rhc fe-extrainfo-container elist-dbox fe-have-image-1\" >\n\t\t\t\t\t<div class=\"fe-extrainfo-container2 row-fluid\">\n\t\t\t\t\t\t<div class=\"fe-extrainfo-holder fe-extrainfo-col2 span8\">\n\t\t\t\t\t\t\t<div class=\"row-fluid\">\n\t\t\t\t\t\t\t\t<div class=\"span12 fe-cell-label dbox-title rhc-info-cell fe-cell-label\">\n\t\t\t\t\t\t\t\t\t<label class=\"fe-extrainfo-label\">D\u00e9tails de l'\u00e9v\u00e9nement<\/label>\n\t\t\t\t\t\t\t\t<\/div>\n\t\t\t\t\t\t\t<\/div>\n\t\t\t\t\t\t\t\n\t\t\t\t\t\t\t<div class=\"row-fluid\">\n\t\t\t\t\t\t\t\t<div class=\"span6 fe-maincol fe-maincol-0\">\n\t\t\t\t\t\t\t\t\t<div class=\"rhc-info-cell\">\n\t\t\t\t\t\t\t\t\t\t<label class=\"fe-extrainfo-label\">D\u00e9but<\/label>\n\t\t\t\t\t\t\t\t\t\t<span class=\"fe-extrainfo-value fc-start\">{fc-start}<\/span>&nbsp;\n\t\t\t\t\t\t\t\t\t\t<span class=\"fe-extrainfo-value fc-time\"><\/span>\n\t\t\t\t\t\t\t\t\t<\/div>\t\n\t\t\t\t\t\t\t\t\t\n\t\t\t\t\t\t\t\t\t<div class=\"rhc-info-cell\">\n\t\t\t\t\t\t\t\t\t\t<label class=\"fe-extrainfo-label\">Fin<\/label>\n\t\t\t\t\t\t\t\t\t\t<span class=\"fe-extrainfo-value fc-end\">{fc-end}<\/span>&nbsp;\n\t\t\t\t\t\t\t\t\t\t<span class=\"fe-extrainfo-value fc-end-time\"><\/span>\n\t\t\t\t\t\t\t\t\t<\/div>\t\n\t\t\t\t\t\t\t\t\t\n\t\t\t\t\t\t\t\t\t<div class=\"rhc-info-cell\">\n\t\t\t\t\t\t\t\t\t\t<label class=\"fe-extrainfo-label\">Adresse<\/label>\n\t\t\t\t\t\t\t\t\t\t<span class=\"fe-extrainfo-value fc-event-term taxonomy-venue-gaddress\"><\/span>\n\t\t\t\t\t\t\t\t\t<\/div>\t\n\t\t\t\t\t\t\t\t<\/div>\n\t\t\t\t\t\t\t\t<div class=\"span6 fe-maincol fe-maincol-1\">\t\t\t\t\t\t\n\t\t\t\t\t\t\t\t\t<div class=\"rhc-info-cell\">\n\t\t\t\t\t\t\t\t\t\t<label class=\"fe-extrainfo-label\">Lieu<\/label>\n\t\t\t\t\t\t\t\t\t\t<span class=\"fe-extrainfo-value fc-event-term taxonomy-venue\">{venue}<\/span>\n\t\t\t\t\t\t\t\t\t<\/div>\t\n\t\t\t\t\t\t\t\t\t<div class=\"rhc-info-cell\">\n\t\t\t\t\t\t\t\t\t\t<label class=\"fe-extrainfo-label\">Organisateur<\/label>\n\t\t\t\t\t\t\t\t\t\t<span class=\"fe-extrainfo-value fc-event-term taxonomy-organizer\">{organizer}<\/span>\n\t\t\t\t\t\t\t\t\t<\/div>\t\n\t\t\t\t\t\t\t\t<\/div>\n\t\t\t\t\t\t\t<\/div>\n\t\t\t\n\t\t\t\t\t\t\t<div class=\"fc-event-list-description dbox-description\">{description}<\/div>\n\t\t\t\t\t\t\t\t\n\t\t\t\t\t\t<\/div>\n\t\t\t\t\t\t<div class=\"fe-image-holder span4\">\n\t\t\t\t\t\t\t<div class=\"fc-event-list-featured-image\">\n\t\t\t\t\t\t\t\t<a class=\"fc-event-link\" href=\"{link}\" target=\"_BLANK\"><img decoding=\"async\" class=\"fc-event-list-image\" src=\"\" \/><\/a>\n\t\t\t\t\t\t\t<\/div>\n\t\t\t\t\t\t<\/div>\n\t\t\t\t\t<\/div>\n\t\t\t\t<\/div>\t\t\t\t\n\n\t\t\t<\/div>\n\t\t\t<div class=\"fc-event-list-clear\"><\/div>\n\t\t\t\n\t\t<\/div>\n\t<\/div>\n<\/div><\/div>\n","protected":false},"excerpt":{"rendered":"","protected":false},"author":5,"featured_media":0,"parent":0,"menu_order":0,"comment_status":"closed","ping_status":"closed","template":"","meta":{"footnotes":""},"class_list":["post-7416","page","type-page","status-publish","hentry"],"meta_box":[],"_links":{"self":[{"href":"https:\/\/www.saintejeannedechantal.com\/index.php\/wp-json\/wp\/v2\/pages\/7416","targetHints":{"allow":["GET"]}}],"collection":[{"href":"https:\/\/www.saintejeannedechantal.com\/index.php\/wp-json\/wp\/v2\/pages"}],"about":[{"href":"https:\/\/www.saintejeannedechantal.com\/index.php\/wp-json\/wp\/v2\/types\/page"}],"author":[{"embeddable":true,"href":"https:\/\/www.saintejeannedechantal.com\/index.php\/wp-json\/wp\/v2\/users\/5"}],"replies":[{"embeddable":true,"href":"https:\/\/www.saintejeannedechantal.com\/index.php\/wp-json\/wp\/v2\/comments?post=7416"}],"version-history":[{"count":1,"href":"https:\/\/www.saintejeannedechantal.com\/index.php\/wp-json\/wp\/v2\/pages\/7416\/revisions"}],"predecessor-version":[{"id":7417,"href":"https:\/\/www.saintejeannedechantal.com\/index.php\/wp-json\/wp\/v2\/pages\/7416\/revisions\/7417"}],"wp:attachment":[{"href":"https:\/\/www.saintejeannedechantal.com\/index.php\/wp-json\/wp\/v2\/media?parent=7416"}],"curies":[{"name":"wp","href":"https:\/\/api.w.org\/{rel}","templated":true}]}}