{"id":83,"date":"2023-04-18T11:08:11","date_gmt":"2023-04-18T09:08:11","guid":{"rendered":"https:\/\/ww2.psjc.fr\/?page_id=83"},"modified":"2025-11-27T10:41:22","modified_gmt":"2025-11-27T09:41:22","slug":"funerailles","status":"publish","type":"page","link":"https:\/\/www.saintejeannedechantal.com\/index.php\/funerailles\/","title":{"rendered":"Vous avez perdu un proche ?"},"content":{"rendered":"\t\t<div data-elementor-type=\"wp-page\" data-elementor-id=\"83\" class=\"elementor elementor-83\" data-elementor-post-type=\"page\">\n\t\t\t\t\t\t<section class=\"elementor-section elementor-top-section elementor-element elementor-element-4d12bf95 elementor-section-boxed elementor-section-height-default elementor-section-height-default\" data-id=\"4d12bf95\" data-element_type=\"section\" data-e-type=\"section\">\n\t\t\t\t\t\t<div class=\"elementor-container elementor-column-gap-default\">\n\t\t\t\t\t<div class=\"elementor-column elementor-col-100 elementor-top-column elementor-element elementor-element-e2fa1be\" data-id=\"e2fa1be\" data-element_type=\"column\" data-e-type=\"column\">\n\t\t\t<div class=\"elementor-widget-wrap elementor-element-populated\">\n\t\t\t\t\t\t<div class=\"elementor-element elementor-element-5da8ec74 elementor-widget elementor-widget-heading\" data-id=\"5da8ec74\" data-element_type=\"widget\" data-e-type=\"widget\" data-widget_type=\"heading.default\">\n\t\t\t\t<div class=\"elementor-widget-container\">\n\t\t\t\t\t<h5 class=\"elementor-heading-title elementor-size-default\">\"Tu m'as montr\u00e9 le chemin d'Ars, je te montrerai le chemin du ciel\" Cur\u00e9 d'Ars<\/h5>\t\t\t\t<\/div>\n\t\t\t\t<\/div>\n\t\t\t\t<div class=\"elementor-element elementor-element-396a8bf0 elementor-widget elementor-widget-text-editor\" data-id=\"396a8bf0\" data-element_type=\"widget\" data-e-type=\"widget\" data-widget_type=\"text-editor.default\">\n\t\t\t\t<div class=\"elementor-widget-container\">\n\t\t\t\t\t\t\t\t\t<p>Il est juste que la pri\u00e8re des vivants accompagne les morts et que leurs obs\u00e8ques soient c\u00e9l\u00e9br\u00e9es dignement, entour\u00e9s de ceux qui ont crois\u00e9 leur chemin.<\/p><p>C\u2019est pour cette raison que les obs\u00e8ques sont c\u00e9l\u00e9br\u00e9es dans l\u2019\u00e9glise paroissiale du d\u00e9funt. C\u2019est aussi pour une paroisse, l\u2019occasion de manifester que l\u2019Eglise est une m\u00e8re qui accueille et console tous ses enfants, sans distinction.<\/p>\t\t\t\t\t\t\t\t<\/div>\n\t\t\t\t<\/div>\n\t\t\t\t<div class=\"elementor-element elementor-element-dd86c4d elementor-align-right elementor-widget elementor-widget-button\" data-id=\"dd86c4d\" data-element_type=\"widget\" data-e-type=\"widget\" data-widget_type=\"button.default\">\n\t\t\t\t<div class=\"elementor-widget-container\">\n\t\t\t\t\t\t\t\t\t<div class=\"elementor-button-wrapper\">\n\t\t\t\t\t<a class=\"elementor-button elementor-button-link elementor-size-sm\" href=\"https:\/\/www.saintejeannedechantal.com\/index.php\/contact\/\">\n\t\t\t\t\t\t<span class=\"elementor-button-content-wrapper\">\n\t\t\t\t\t\t<span class=\"elementor-button-icon\">\n\t\t\t\t<i aria-hidden=\"true\" class=\"far fa-envelope\"><\/i>\t\t\t<\/span>\n\t\t\t\t\t\t\t\t\t<span class=\"elementor-button-text\">CONTACT<\/span>\n\t\t\t\t\t<\/span>\n\t\t\t\t\t<\/a>\n\t\t\t\t<\/div>\n\t\t\t\t\t\t\t\t<\/div>\n\t\t\t\t<\/div>\n\t\t\t\t<div class=\"elementor-element elementor-element-71d13fee elementor-widget elementor-widget-pp-advanced-tabs\" data-id=\"71d13fee\" data-element_type=\"widget\" data-e-type=\"widget\" data-widget_type=\"pp-advanced-tabs.default\">\n\t\t\t\t<div class=\"elementor-widget-container\">\n\t\t\t\t\t\t\t<div class=\"pp-advanced-tabs pp-style-6 pp-tabs-responsive-tablet pp-advabced-tabs-responsive\">\n\t\t\t<div class=\"pp-advanced-tabs-wrapper pp-tabs-labels at-vertical  at-no-hover\" role=\"tablist\">\n\t\t\t\t\t\t\t\t\t\t\t<div id=\"pp-advanced-tabs-title-1901\" class=\"pp-advanced-tabs-title pp-tabs-label pp-advanced-tabs-desktop-title pp-tab-active\" data-tab=\"1\" data-index=\"1901\" tabindex=\"0\" role=\"tab\" aria-controls=\"pp-advanced-tabs-content-1901\">\n\n\t\t\t\t\t\t\t\t\t\t\t<span class=\"pp-icon pp-advanced-tabs-icon-left\">\n\t\t\t\t<i aria-hidden=\"true\" class=\"fas fa-list-ul\"><\/i>\t\t\t<\/span>\n\t\t\t\n\t\t\t\t\t\t\t\t<span class=\"pp-advanced-tabs-title-text\">La pr\u00e9paration et la participation \u00e0 la c\u00e9r\u00e9monie<\/span>\n\t\t\t\t\t\t\t\t\t\t\t\t\t\t\t<\/div>\n\t\t\t\t\t\t\t\t\t<\/div>\n\t\t\t<div class=\"pp-advanced-tabs-content-wrapper pp-tabs-panels at-vertical-content\">\n\t\t\t\t\t\t\t\t\t<div class=\"pp-tabs-panel\">\n\t\t\t\t\t\t<div class=\"pp-advanced-tabs-title pp-tabs-label pp-tab-responsive pp-tab-active  at-no-hover\" data-index=\"1901\">\n\t\t\t\t\t\t\t<div class=\"pp-advanced-tabs-title-inner\">\n\t\t\t\t\t\t\t\t\t\t\t<span class=\"pp-icon pp-advanced-tabs-icon-left\">\n\t\t\t\t<i aria-hidden=\"true\" class=\"fas fa-list-ul\"><\/i>\t\t\t<\/span>\n\t\t\t\n\t\t\t\t\t\t\t\t<span class=\"pp-advanced-tabs-title-text\">La pr\u00e9paration et la participation \u00e0 la c\u00e9r\u00e9monie<\/span>\n\t\t\t\t\t\t\t\t<i class=\"pp-toggle-icon pp-tab-open fa\"><\/i>\n\t\t\t\t\t\t\t<\/div>\n\t\t\t\t\t\t<\/div>\n\t\t\t\t\t\t<div id=\"pp-advanced-tabs-content-1901\" class=\"pp-advanced-tabs-content elementor-clearfix pp-advanced-tabs-tab_content pp-tab-active\" data-tab=\"1\" data-index=\"1901\" role=\"tabpanel\" aria-labelledby=\"pp-advanced-tabs-title-1901\">\n\t\t\t\t\t\t\t<p>Vous avez perdu un proche ? Nous vous invitons \u00e0 contacter en premier lieu les pompes fun\u00e8bres qui prendront contact avec la paroisse pour valider la date des fun\u00e9railles.<\/p><p><strong>https:\/\/dioceseparis.fr\/qu-est-ce-que-le-service.html\u00a0 \u00a0<\/strong><br class=\"autobr\" \/>Service Catholique des Fun\u00e9railles<br class=\"autobr\" \/>T\u00e9l\u00a0: 01 44 38 80 80<br class=\"autobr\" \/><a class=\"spip_url spip_out auto\" href=\"http:\/\/www.s-c-f.org\/\" rel=\"nofollow external\">www.s-c-f.org<\/a><\/p><p>Un pr\u00eatre prendre tr\u00e8s rapidement contact avec vous pour pr\u00e9parer la c\u00e9l\u00e9bration et vous assurer du soutien de toute la communaut\u00e9 dans cette \u00e9preuve douloureuse.<\/p>\t\t\t\t\t\t<\/div>\n\t\t\t\t\t<\/div>\n\t\t\t\t\t\t\t<\/div>\n\t\t<\/div>\n\t\t\t\t\t\t<\/div>\n\t\t\t\t<\/div>\n\t\t\t\t<div class=\"elementor-element elementor-element-325995f4 elementor-widget elementor-widget-spacer\" data-id=\"325995f4\" data-element_type=\"widget\" data-e-type=\"widget\" data-widget_type=\"spacer.default\">\n\t\t\t\t<div class=\"elementor-widget-container\">\n\t\t\t\t\t\t\t<div class=\"elementor-spacer\">\n\t\t\t<div class=\"elementor-spacer-inner\"><\/div>\n\t\t<\/div>\n\t\t\t\t\t\t<\/div>\n\t\t\t\t<\/div>\n\t\t\t\t\t<\/div>\n\t\t<\/div>\n\t\t\t\t\t<\/div>\n\t\t<\/section>\n\t\t\t\t<\/div>\n\t\t","protected":false},"excerpt":{"rendered":"<p>&#8220;Tu m&#8217;as montr\u00e9 le chemin d&#8217;Ars, je te montrerai le chemin du ciel&#8221; Cur\u00e9 d&#8217;Ars Il est juste que la pri\u00e8re des vivants accompagne les morts et que leurs obs\u00e8ques soient c\u00e9l\u00e9br\u00e9es dignement, entour\u00e9s de ceux qui ont crois\u00e9 leur chemin. C\u2019est pour cette raison que les obs\u00e8ques sont c\u00e9l\u00e9br\u00e9es dans l\u2019\u00e9glise paroissiale du d\u00e9funt. [&hellip;]<\/p>\n","protected":false},"author":5,"featured_media":4887,"parent":0,"menu_order":0,"comment_status":"closed","ping_status":"closed","template":"","meta":{"footnotes":""},"class_list":["post-83","page","type-page","status-publish","has-post-thumbnail","hentry"],"meta_box":[],"_links":{"self":[{"href":"https:\/\/www.saintejeannedechantal.com\/index.php\/wp-json\/wp\/v2\/pages\/83","targetHints":{"allow":["GET"]}}],"collection":[{"href":"https:\/\/www.saintejeannedechantal.com\/index.php\/wp-json\/wp\/v2\/pages"}],"about":[{"href":"https:\/\/www.saintejeannedechantal.com\/index.php\/wp-json\/wp\/v2\/types\/page"}],"author":[{"embeddable":true,"href":"https:\/\/www.saintejeannedechantal.com\/index.php\/wp-json\/wp\/v2\/users\/5"}],"replies":[{"embeddable":true,"href":"https:\/\/www.saintejeannedechantal.com\/index.php\/wp-json\/wp\/v2\/comments?post=83"}],"version-history":[{"count":49,"href":"https:\/\/www.saintejeannedechantal.com\/index.php\/wp-json\/wp\/v2\/pages\/83\/revisions"}],"predecessor-version":[{"id":9744,"href":"https:\/\/www.saintejeannedechantal.com\/index.php\/wp-json\/wp\/v2\/pages\/83\/revisions\/9744"}],"wp:featuredmedia":[{"embeddable":true,"href":"https:\/\/www.saintejeannedechantal.com\/index.php\/wp-json\/wp\/v2\/media\/4887"}],"wp:attachment":[{"href":"https:\/\/www.saintejeannedechantal.com\/index.php\/wp-json\/wp\/v2\/media?parent=83"}],"curies":[{"name":"wp","href":"https:\/\/api.w.org\/{rel}","templated":true}]}}