{"id":8581,"date":"2024-09-18T10:57:40","date_gmt":"2024-09-18T08:57:40","guid":{"rendered":"https:\/\/www.saintejeannedechantal.com\/?page_id=8581"},"modified":"2025-09-08T15:00:42","modified_gmt":"2025-09-08T13:00:42","slug":"chorale-enfants","status":"publish","type":"page","link":"https:\/\/www.saintejeannedechantal.com\/index.php\/chorale-enfants\/","title":{"rendered":"CHORALE ENFANTS"},"content":{"rendered":"\t\t<div data-elementor-type=\"wp-page\" data-elementor-id=\"8581\" class=\"elementor elementor-8581\" data-elementor-post-type=\"page\">\n\t\t\t\t\t\t<section class=\"elementor-section elementor-top-section elementor-element elementor-element-403bfde3 elementor-section-boxed elementor-section-height-default elementor-section-height-default\" data-id=\"403bfde3\" data-element_type=\"section\" data-e-type=\"section\">\n\t\t\t\t\t\t<div class=\"elementor-container elementor-column-gap-default\">\n\t\t\t\t\t<div class=\"elementor-column elementor-col-100 elementor-top-column elementor-element elementor-element-77141b36\" data-id=\"77141b36\" data-element_type=\"column\" data-e-type=\"column\">\n\t\t\t<div class=\"elementor-widget-wrap elementor-element-populated\">\n\t\t\t\t\t\t<div class=\"elementor-element elementor-element-735abc09 elementor-widget elementor-widget-text-editor\" data-id=\"735abc09\" data-element_type=\"widget\" data-e-type=\"widget\" data-widget_type=\"text-editor.default\">\n\t\t\t\t<div class=\"elementor-widget-container\">\n\t\t\t\t\t\t\t\t\t\n<p><strong><img fetchpriority=\"high\" decoding=\"async\" class=\" wp-image-9506 alignright\" src=\"https:\/\/www.saintejeannedechantal.com\/wp-content\/uploads\/2025\/09\/FLYER-RECTO-213x300.jpg\" alt=\"\" width=\"292\" height=\"411\" srcset=\"https:\/\/www.saintejeannedechantal.com\/wp-content\/uploads\/2025\/09\/FLYER-RECTO-213x300.jpg 213w, https:\/\/www.saintejeannedechantal.com\/wp-content\/uploads\/2025\/09\/FLYER-RECTO-726x1024.jpg 726w, https:\/\/www.saintejeannedechantal.com\/wp-content\/uploads\/2025\/09\/FLYER-RECTO-768x1083.jpg 768w, https:\/\/www.saintejeannedechantal.com\/wp-content\/uploads\/2025\/09\/FLYER-RECTO-1090x1536.jpg 1090w, https:\/\/www.saintejeannedechantal.com\/wp-content\/uploads\/2025\/09\/FLYER-RECTO-958x1350.jpg 958w, https:\/\/www.saintejeannedechantal.com\/wp-content\/uploads\/2025\/09\/FLYER-RECTO.jpg 1240w\" sizes=\"(max-width: 292px) 100vw, 292px\" \/>Quoi ? <\/strong>Formation \u00e9duative et spirituelle<\/p>\n\n<p>Formation au chant choral, \u00e0 la technique vocale.<\/p>\n\n<p>Chef de choeur professionnel : Anne DUBUIS<\/p>\n\n<p>R\u00e9pertoire vari\u00e9 : chants traditionnels et r\u00e9cents, religieux et ludiques, \u00e0 chanter en famille.<\/p>\n\n<p>Participation \u00e0 la vie liturgique et artistique : participation \u00e0 la messe du dimanche 10h30, une fois par mois.<\/p>\n\n<p>Participation au concert de No\u00ebl et \u00e0 la f\u00eate de la musique<\/p>\n\n<p><strong>Quand ? <\/strong>Du mercredi 10 septembre au mercredi 24 juin, 17h-18h30 (hors vacances scolaires)<\/p>\n\n<p>Une session d\u00e9couverte en d\u00e9but d&#8217;ann\u00e9e<\/p>\n\n<p><strong>Combien ?<\/strong> Inscription annuelle<\/p>\n\n<p>150\u20ac aide possible selon quotien familial ou assimil\u00e9&#8230;<\/p>\n\n<p>80\u20ac pour les enfants inscrits au patronage le mercredi<\/p>\n\n<p><strong>Inscriptions et contact ? <\/strong>choraledesenfantsjc@gmail.com<\/p>\n\n<p>Inscription via le QRCode ci-dessous<\/p>\n\n<figure class=\"wp-block-image size-full\"><img decoding=\"async\" width=\"340\" height=\"340\" class=\"wp-image-9457\" src=\"https:\/\/www.saintejeannedechantal.com\/wp-content\/uploads\/2025\/06\/QR-CODE-CHORALE-ENFANTS-1.png\" alt=\"\" srcset=\"https:\/\/www.saintejeannedechantal.com\/wp-content\/uploads\/2025\/06\/QR-CODE-CHORALE-ENFANTS-1.png 340w, https:\/\/www.saintejeannedechantal.com\/wp-content\/uploads\/2025\/06\/QR-CODE-CHORALE-ENFANTS-1-300x300.png 300w, https:\/\/www.saintejeannedechantal.com\/wp-content\/uploads\/2025\/06\/QR-CODE-CHORALE-ENFANTS-1-150x150.png 150w, https:\/\/www.saintejeannedechantal.com\/wp-content\/uploads\/2025\/06\/QR-CODE-CHORALE-ENFANTS-1-170x170.png 170w\" sizes=\"(max-width: 340px) 100vw, 340px\" \/><\/figure>\n\n<p>\u00a0<\/p>\n\t\t\t\t\t\t\t\t<\/div>\n\t\t\t\t<\/div>\n\t\t\t\t\t<\/div>\n\t\t<\/div>\n\t\t\t\t\t<\/div>\n\t\t<\/section>\n\t\t\t\t<\/div>\n\t\t","protected":false},"excerpt":{"rendered":"<p>Quoi ? Formation \u00e9duative et spirituelle Formation au chant choral, \u00e0 la technique vocale. Chef de choeur professionnel : Anne DUBUIS R\u00e9pertoire vari\u00e9 : chants traditionnels et r\u00e9cents, religieux et ludiques, \u00e0 chanter en famille. Participation \u00e0 la vie liturgique et artistique : participation \u00e0 la messe du dimanche 10h30, une fois par mois. Participation [&hellip;]<\/p>\n","protected":false},"author":9,"featured_media":9455,"parent":0,"menu_order":0,"comment_status":"closed","ping_status":"closed","template":"","meta":{"footnotes":""},"class_list":["post-8581","page","type-page","status-publish","has-post-thumbnail","hentry"],"meta_box":[],"_links":{"self":[{"href":"https:\/\/www.saintejeannedechantal.com\/index.php\/wp-json\/wp\/v2\/pages\/8581","targetHints":{"allow":["GET"]}}],"collection":[{"href":"https:\/\/www.saintejeannedechantal.com\/index.php\/wp-json\/wp\/v2\/pages"}],"about":[{"href":"https:\/\/www.saintejeannedechantal.com\/index.php\/wp-json\/wp\/v2\/types\/page"}],"author":[{"embeddable":true,"href":"https:\/\/www.saintejeannedechantal.com\/index.php\/wp-json\/wp\/v2\/users\/9"}],"replies":[{"embeddable":true,"href":"https:\/\/www.saintejeannedechantal.com\/index.php\/wp-json\/wp\/v2\/comments?post=8581"}],"version-history":[{"count":7,"href":"https:\/\/www.saintejeannedechantal.com\/index.php\/wp-json\/wp\/v2\/pages\/8581\/revisions"}],"predecessor-version":[{"id":9509,"href":"https:\/\/www.saintejeannedechantal.com\/index.php\/wp-json\/wp\/v2\/pages\/8581\/revisions\/9509"}],"wp:featuredmedia":[{"embeddable":true,"href":"https:\/\/www.saintejeannedechantal.com\/index.php\/wp-json\/wp\/v2\/media\/9455"}],"wp:attachment":[{"href":"https:\/\/www.saintejeannedechantal.com\/index.php\/wp-json\/wp\/v2\/media?parent=8581"}],"curies":[{"name":"wp","href":"https:\/\/api.w.org\/{rel}","templated":true}]}}