{"id":9251,"date":"2025-04-29T12:02:19","date_gmt":"2025-04-29T10:02:19","guid":{"rendered":"https:\/\/www.saintejeannedechantal.com\/?page_id=9251"},"modified":"2025-04-29T12:02:20","modified_gmt":"2025-04-29T10:02:20","slug":"aide-a-la-recherche-demploi","status":"publish","type":"page","link":"https:\/\/www.saintejeannedechantal.com\/index.php\/aide-a-la-recherche-demploi\/","title":{"rendered":"Aide \u00e0 la recherche d&#8217;emploi"},"content":{"rendered":"\n<h2 class=\"wp-block-heading\"><strong>Accueil et Orientation des Demandeurs d&#8217;Emploi<\/strong><\/h2>\n\n\n\n<p>Depuis plus de 15 ans, AODE est aux c\u00f4t\u00e9s des Demandeurs d\u2019Emploi.<\/p>\n\n\n\n<p>AODE est en relation avec 20 associations d&#8217;accompagnement qui disposent de moyens vari\u00e9s, selon les besoins de chacun, pour retrouver une activit\u00e9 professionnelle.<\/p>\n\n\n\n<ul class=\"wp-block-list\">\n<li><img decoding=\"async\" width=\"3\" height=\"24\" src=\"\">Apr\u00e8s une heure pass\u00e9e \u00e0 vous \u00e9couter, nous connaitrons mieux votre profil et vos exp\u00e9riences ;<\/li>\n\n\n\n<li>Nous identifierons ensemble vos attentes et besoins.<\/li>\n\n\n\n<li>Et AODE vous oriente vers l\u2019Association adapt\u00e9e \u00e0 votre situation <\/li>\n\n\n\n<li>Service gratuit et personnalis\u00e9.<\/li>\n<\/ul>\n\n\n\n<p>Des lieux d\u2019ACCUEILS selon votre choix<\/p>\n\n\n\n<ul class=\"wp-block-list\">\n<li><strong>Mardi, (14h \u00e0 16h) : Mairie du 16<\/strong>e, Salle Balzac, M\u00e9tro : Rue de La Pompe<\/li>\n\n\n\n<li><strong>Samedi (10h \u00e0 12h), sur rendez-vous, 44 rue Molitor, <\/strong>Saint Fran\u00e7ois de Molitor, Salle 3<sup>e<\/sup> \u00e9tage<\/li>\n\n\n\n<li><strong>Jeudi (14h \u00e0 16h)<\/strong>, <strong>sur rendez-vous<\/strong>, <strong>60 rue de La Belle Feuille \u00e0 Boulogne <\/strong>3<sup>e<\/sup> \u00e9tage, salle 311<\/li>\n<\/ul>\n\n\n\n<p>Dates et lieux d&#8217;accueil sur <a href=\"http:\/\/www.aode.org\/\">www.aode.org<\/a> <\/p>\n\n\n\n<p>Pour nous contacter :<\/p>\n\n\n\n<ul class=\"wp-block-list\">\n<li><a href=\"mailto:contact@aode.org\">contact@aode.org<\/a><\/li>\n\n\n\n<li>06 07 70 63 02<\/li>\n<\/ul>\n\n\n\n<div class=\"wp-block-file\"><a id=\"wp-block-file--media-9e02189e-e218-4c48-859c-09f43c86fb24\" href=\"https:\/\/www.saintejeannedechantal.com\/wp-content\/uploads\/2025\/04\/flyer.pdf\">SEUL DANS VOTRE RECHERCHE D\u2019EMPLOI ?\tAccueil et Orientation des Demandeurs d&#8217;Emploi<\/a><a href=\"https:\/\/www.saintejeannedechantal.com\/wp-content\/uploads\/2025\/04\/flyer.pdf\" class=\"wp-block-file__button wp-element-button\" download aria-describedby=\"wp-block-file--media-9e02189e-e218-4c48-859c-09f43c86fb24\">T\u00e9l\u00e9charger<\/a><\/div>\n","protected":false},"excerpt":{"rendered":"<p>Accueil et Orientation des Demandeurs d&#8217;Emploi Depuis plus de 15 ans, AODE est aux c\u00f4t\u00e9s des Demandeurs d\u2019Emploi. AODE est en relation avec 20 associations d&#8217;accompagnement qui disposent de moyens vari\u00e9s, selon les besoins de chacun, pour retrouver une activit\u00e9 professionnelle. Des lieux d\u2019ACCUEILS selon votre choix Dates et lieux d&#8217;accueil sur www.aode.org Pour nous [&hellip;]<\/p>\n","protected":false},"author":1,"featured_media":0,"parent":0,"menu_order":0,"comment_status":"closed","ping_status":"closed","template":"","meta":{"footnotes":""},"class_list":["post-9251","page","type-page","status-publish","hentry"],"meta_box":[],"_links":{"self":[{"href":"https:\/\/www.saintejeannedechantal.com\/index.php\/wp-json\/wp\/v2\/pages\/9251","targetHints":{"allow":["GET"]}}],"collection":[{"href":"https:\/\/www.saintejeannedechantal.com\/index.php\/wp-json\/wp\/v2\/pages"}],"about":[{"href":"https:\/\/www.saintejeannedechantal.com\/index.php\/wp-json\/wp\/v2\/types\/page"}],"author":[{"embeddable":true,"href":"https:\/\/www.saintejeannedechantal.com\/index.php\/wp-json\/wp\/v2\/users\/1"}],"replies":[{"embeddable":true,"href":"https:\/\/www.saintejeannedechantal.com\/index.php\/wp-json\/wp\/v2\/comments?post=9251"}],"version-history":[{"count":2,"href":"https:\/\/www.saintejeannedechantal.com\/index.php\/wp-json\/wp\/v2\/pages\/9251\/revisions"}],"predecessor-version":[{"id":9255,"href":"https:\/\/www.saintejeannedechantal.com\/index.php\/wp-json\/wp\/v2\/pages\/9251\/revisions\/9255"}],"wp:attachment":[{"href":"https:\/\/www.saintejeannedechantal.com\/index.php\/wp-json\/wp\/v2\/media?parent=9251"}],"curies":[{"name":"wp","href":"https:\/\/api.w.org\/{rel}","templated":true}]}}