{"id":9737,"date":"2025-11-27T09:16:02","date_gmt":"2025-11-27T08:16:02","guid":{"rendered":"https:\/\/www.saintejeannedechantal.com\/?page_id=9737"},"modified":"2025-11-27T09:17:30","modified_gmt":"2025-11-27T08:17:30","slug":"la-cordee-3","status":"publish","type":"page","link":"https:\/\/www.saintejeannedechantal.com\/index.php\/la-cordee-3\/","title":{"rendered":"&#8220;La Cord\u00e9e&#8221;"},"content":{"rendered":"\n<p><strong>&#8220;La Cord\u00e9e&#8221;<\/strong> pour les \u00e9tudiants et jeunes pros<\/p>\n\n\n\n<p><strong>Nouveaut\u00e9 \u00e0 Ste Jeanne !<\/strong><\/p>\n\n\n\n<p><strong>Soir\u00e9e le jeudi soir, tous les 15 jours 20h &#8211; 22h30<\/strong><\/p>\n\n\n\n<p>20\/11 &#8211; 4 et 18\/12\/2025<\/p>\n\n\n\n<p>8 et 22\/01\/2026 &#8211; 5 et 19\/02 &#8211; 12 et 26\/03 &#8211; 9\/04 &#8211; 7 et 21\/05 &#8211; 4 et 18\/06<\/p>\n\n\n\n<p>La Cord\u00e9e est accompagn\u00e9e par les P\u00e8res Troussel et Barbey<\/p>\n\n\n\n<p>Au menu : louange, partage, topo, repas<\/p>\n\n\n\n<p>Salle Kowalski 94 Bd Murat 75016 PARIS<\/p>\n\n\n\n<p><strong>Contact :<\/strong> Pauline 06 61 79 70 15<\/p>\n","protected":false},"excerpt":{"rendered":"<p>&#8220;La Cord\u00e9e&#8221; pour les \u00e9tudiants et jeunes pros Nouveaut\u00e9 \u00e0 Ste Jeanne ! Soir\u00e9e le jeudi soir, tous les 15 jours 20h &#8211; 22h30 20\/11 &#8211; 4 et 18\/12\/2025 8 et 22\/01\/2026 &#8211; 5 et 19\/02 &#8211; 12 et 26\/03 &#8211; 9\/04 &#8211; 7 et 21\/05 &#8211; 4 et 18\/06 La Cord\u00e9e est accompagn\u00e9e par [&hellip;]<\/p>\n","protected":false},"author":9,"featured_media":0,"parent":0,"menu_order":0,"comment_status":"closed","ping_status":"closed","template":"","meta":{"footnotes":""},"class_list":["post-9737","page","type-page","status-publish","hentry"],"meta_box":[],"_links":{"self":[{"href":"https:\/\/www.saintejeannedechantal.com\/index.php\/wp-json\/wp\/v2\/pages\/9737","targetHints":{"allow":["GET"]}}],"collection":[{"href":"https:\/\/www.saintejeannedechantal.com\/index.php\/wp-json\/wp\/v2\/pages"}],"about":[{"href":"https:\/\/www.saintejeannedechantal.com\/index.php\/wp-json\/wp\/v2\/types\/page"}],"author":[{"embeddable":true,"href":"https:\/\/www.saintejeannedechantal.com\/index.php\/wp-json\/wp\/v2\/users\/9"}],"replies":[{"embeddable":true,"href":"https:\/\/www.saintejeannedechantal.com\/index.php\/wp-json\/wp\/v2\/comments?post=9737"}],"version-history":[{"count":2,"href":"https:\/\/www.saintejeannedechantal.com\/index.php\/wp-json\/wp\/v2\/pages\/9737\/revisions"}],"predecessor-version":[{"id":9739,"href":"https:\/\/www.saintejeannedechantal.com\/index.php\/wp-json\/wp\/v2\/pages\/9737\/revisions\/9739"}],"wp:attachment":[{"href":"https:\/\/www.saintejeannedechantal.com\/index.php\/wp-json\/wp\/v2\/media?parent=9737"}],"curies":[{"name":"wp","href":"https:\/\/api.w.org\/{rel}","templated":true}]}}